{"id":10,"date":"2011-01-23T09:56:33","date_gmt":"2011-01-23T08:56:33","guid":{"rendered":"http:\/\/www.ingerlundmark.nu\/?page_id=10"},"modified":"2024-01-16T20:25:26","modified_gmt":"2024-01-16T19:25:26","slug":"utbildning","status":"publish","type":"page","link":"https:\/\/www.ingerlundmark.nu\/?page_id=10","title":{"rendered":"Hypnosutbildning"},"content":{"rendered":"<p>K\u00e4nner du behov av f\u00f6rdjupning och utveckling inom ditt yrke? H\u00e4nder det att du saknar verktyg eller l\u00e4ngtar efter nya? \u00c4r du intresserad av metoder f\u00f6r best\u00e5ende f\u00f6r\u00e4ndring och kreativ utveckling, f\u00f6r s\u00e5v\u00e4l patienter som dig sj\u00e4lv som behandlare?\u00a0\u00a0 Vill du l\u00e4ra mer om hj\u00e4lp till sj\u00e4lvhj\u00e4lp? \u00c4r du nyfiken p\u00e5 att finslipa din individuella r\u00f6st och din egen terapeutiska stil?<\/p>\n<p>Vi har evidensbaserad, processinriktad utbildning f\u00f6r dig!<\/p>\n<p>Du erh\u00e5ller ny kunskap och l\u00e4r dig framkomliga metoder vid stress, oro, \u00e5ngest, s\u00f6mnsv\u00e5righeter, depression, sm\u00e4rtproblematik mm. Starkt fokus i utbildningen p\u00e5 praktisk tr\u00e4ning.<\/p>\n<p>\u201dFramkomliga terapimetoder inneh\u00e5ller inslag som n\u00e5r h\u00f6ger hj\u00e4rnhalva (upplevelsehj\u00e4rnan), ber\u00f6r affektniv\u00e5er och ger m\u00f6jligheter till nya neurala kopplingar, f\u00f6r b\u00e4sta effekt. \u201d (Hj\u00e4rnforskaren Allan Schore, The art of Psycotherapy.)<\/p>\n<p>Har du behov av en integrativ och uppdaterad utbildning f\u00f6r traumabehandling?\u00a0 CHP- Centrum f\u00f6r Hypnos och Psykoterapi, erbjuder kvalificerad f\u00f6rdjupningsutbildning i trauma f\u00f6r psykologer och psykoterapeuter med minst steg 1-utbildning.<\/p>\n<h1>Hypnos och body-mind-metoder vid behandling av trauma i psykoterapi<\/h1>\n<p><strong>\u00a0<\/strong>De senaste \u00e5ren har det gjorts stora internationella framsteg inom f\u00e4ltet traumabehandling, bland annat tack vare teknikutvecklingen, vilken gett nyvunnen kunskap inom neurologi och hj\u00e4rnforskning. Samband mellan nervsystemet och tankar, k\u00e4nslor och beteenden klarg\u00f6rs, liksom hur hj\u00e4rnan p\u00e5verkas av sv\u00e5ra h\u00e4ndelser. Resultatet av forskningen leder till behandlingsmetoder som omfattar kroppens reaktioner s\u00e5 v\u00e4l som rent psykologiska faktorer i arbetet med trauma. Ledande experter som Bessel van der Kolk, Pat Ogden, Peter Levine och Stephen Porges bidrar till utvecklingen inom psykofysiologin.<\/p>\n<p>Hypnos \u00e4r ett effektivt s\u00e4tt att p\u00e5verka och reglera fysiologiska processer och \u00e4r d\u00e4rf\u00f6r en viktig resurs vid behandling av enkel och komplex traumatisering (CPTSD). Fenomenet \u00e4r v\u00e4l vetenskapligt underbyggt och etablerade psykoterapeutiska metoder som EMDR, kognitiva visualiserande metoder (Imagery och Schematerapi) och Internal Family System (IFS) l\u00e5nar ur hypnosens verktygsl\u00e5da.<\/p>\n<p>Under utbildningen erh\u00e5ller du f\u00f6rdjupade kunskaper om b\u00e5de stabilisering och bearbetning av trauma. Du l\u00e4r dig bland annat att identifiera transtillst\u00e5nd, behandla dissociation och hj\u00e4lpa dina klienter att k\u00e4nna sig trygga i sin egen kropp. Du f\u00e5r kunskap och \u00f6vning i att behandla sm\u00e4rttillst\u00e5nd och problem med mage\/tarm vilka \u00e4r vanliga traumasymptom som med f\u00f6rdel behandlas med hypnotiska metoder. \u00c4ven annan vanligt f\u00f6rekommande problematik inom individuell-, par- och familjeterapi behandlas. Hypnosmetodiken fungerar v\u00e5rdande och sj\u00e4lvutvecklande \u00e4ven f\u00f6r terapeuten.<\/p>\n<p>Utbildningen \u00e4r en integrativ, kreativ och erfarenhetsbaserad. Vi tr\u00e4nar praktiska metoder och varvar individuellt fokus med systemiska perspektiv, par o familjebehandling.<\/p>\n<p>Omfattning: 150 tim samt 50 tim handledning i grupp.<\/p>\n<p>Kursen ger r\u00e4tt att s\u00f6ka certifiering till hypnosterapeut genom ESH (European Society of Clinical Hypnosis).<\/p>\n<p><u>Kursansvarig:<\/u> Inger Lundmark leg. psykoterapeut, familjeterapeut, cert. hypnosterapeut, handledare<\/p>\n<p><u>\u00d6vriga l\u00e4rare:<\/u> Lina Skantze socionom, leg. psykoterapeut, cert. hypnosterapeut, yogainstrukt\u00f6r. F\u00f6rfattare till boken Polyvagalteori i psykoterapi (Gothia kompetens 2023)<\/p>\n<p>Daniel Cremonini, leg. psykoterapeut, cert. hypnosterapeut, yogainstrukt\u00f6r<\/p>\n<p>Satu Olsson, leg,fysioterapeut, leg. psykoterapeut, cert. hypnosterapeut<\/p>\n<p>samt g\u00e4stf\u00f6rel\u00e4sare<\/p>\n<p><u>Examinatorer:<\/u> Gunilla Lundmark socionom, leg. psykoterapeut, familjer\u00e5dgivare, sexolog, cert. hypnosterapeut, handledare<\/p>\n<p>Elke Linn Nesser leg.l\u00e4kare, spec. allm\u00e4n psykiatri, leg. psykoterapeut, dipl. hypnosterapeut, cert. EMDR-terapeut.<\/p>\n<p>Kostnad: 1850 + moms per dag. HL tillkommer.<\/p>\n<p>Kursmaterial samt f\u00f6r o em-kaffe ing\u00e5r.<\/p>\n<p><u>Kursinneh\u00e5ll: <\/u>Stabiliserande och bearbetande hypnos och body-mind-metoder vid\u00a0 Enkel och komplex trauma, Trauma i generationer, sekund\u00e4rtrauma\u00a0\u00a0\u00a0\u00a0\u00a0\u00a0 Stress och s\u00f6mnst\u00f6rningar<\/p>\n<p>\u00c5ngest, depression<\/p>\n<p>Fobier, OCD<\/p>\n<p>Psykosomatik, Sexuell problematik,<\/p>\n<p>Sm\u00e4rtproblematik, IBS<\/p>\n<p>Beroendeproblematik mm.<\/p>\n<p>Kursstart: Intro:1 feb 9.00 \u2013 16.30 <strong>2024 <\/strong><\/p>\n<p>Fr\u00e5gor\/ Anm\u00e4lan: <a href=\"mailto:inger.slussen@gmail.com\">inger.slussen@gmail.com<\/a><\/p>\n<h2><\/h2>\n<h2>\u201dHypnos och det hypnotiska f\u00f6rh\u00e5llningss\u00e4ttet berikar allt behandlingsarbete, g\u00f6r det skonsammare, effektivare och roligare\u201d..<\/h2>\n<h2>Grundkurs i klinisk hypnos CHP \u2013 Centrum f\u00f6r Hypnos och Psykoterapi, Stockholm<\/h2>\n<p>Varje \u00e5r sedan 1999 har vi startat en 100 tim\u00a0grundkurs i klinisk hypnos. Utbildningen v\u00e4nder sig till dig som \u00e4r utbildad sjuksk\u00f6terska, l\u00e4kare, tandl\u00e4kare, barnmorska, fysioterapeut, kurator, psykoterapeut, logoped eller liknande. Klinisk hypnos f\u00e5r anv\u00e4ndas inom ramen f\u00f6r varje kompetensomr\u00e5de.\u00a0<strong><br \/>\n<\/strong><\/p>\n<p>Grundkursen \u00e4r\u00a0100 timmar\u2013 2 x 2 dagar per termin plus examination. Kursen bygger p\u00e5 praktiska \u00f6vningar varvat med teoretiska f\u00f6rel\u00e4sningar. Specialiserade g\u00e4stl\u00e4rare bjuds in vid ett par tillf\u00e4llen.\u00a0Grupperna best\u00e5r av max 12 deltagare och kursen ger stora m\u00f6jligheter till personlig utveckling.<strong><br \/>\n<\/strong><\/p>\n<p>Kursavgift fn. 1 850 kr per dag + moms\u00a0 (Summa 29 600 kr + moms. Examinationen tillkommer, 1-2 dagar beroende p\u00e5 gruppstorlek.)<br \/>\nDelbetalning accepteras.<\/p>\n<p>Allt material + kaffe m tillb. ing\u00e5r.<\/p>\n<p>F\u00f6r mer information och anm\u00e4lan maila inger.slussen@gmail.com<strong><br \/>\n<\/strong><\/p>\n<h2>Kursinneh\u00e5ll<\/h2>\n<p>Hypnosens historia, Milton Ericsson, F\u00f6rh\u00e5llningss\u00e4tt och Etik, Trans \u2013 FMT (F\u00f6r\u00e4ndrat medvetandetillst\u00e5nd), Hypnosens anv\u00e4ndnings-omr\u00e5den, Fasorienterat arbete; 1. Stabilisering<br \/>\n2. Bearbetning\/ F\u00f6r\u00e4ndring, Trygghetens betydelse och f\u00f6rankring, Formella\/informella induktions-tekniker, F\u00f6rdjupningstekniker, Direkta och indirekta suggestioner, Metaforer, Hypnossagor, Shorr och Leuner\u00f6vningar,\u00a0 Ideomotoriska signaler, Hypnos och sm\u00e4rta, Hypnos vid mage-tarmproblematik; IBS, Colon Irritabile, Jag-st\u00e4rkande arbete, Stress, Utmattning, S\u00f6mnproblematik, Hypnos med barn o ungdomar,\u00a0 Friskv\u00e5rdande f\u00f6r\u00e4ndringsarbete, (intro till r\u00f6kstopp, sockersug, flygr\u00e4dsla, viktminskning) Tandv\u00e5rdsorienterade \u00f6vningar; Tandv\u00e5rdsr\u00e4dsla, K\u00e4ksp\u00e4nningar, Bed\u00f6vning, Aktiv kr\u00e4kreflex etc.) Vad h\u00e4nder i hj\u00e4rnan? Hypnosstrategier, Sj\u00e4lvhypnos, Orientering i hypnos-psykoterapi samt Hypnosforskning.<br \/>\nInneh\u00e5llet anpassas \u00e4ven efter deltagarnas behov.<\/p>\n<h2>Kursledare<\/h2>\n<p>Inger Lundmark, Aukt. Dramapedagog Fil. Kand, Leg. Psykoterapeut, Familjeterapeut,\u00a0\u00a0 Gestaltterapi grund, Cert. Hypnosterapeut (ASCH), Handledare<\/p>\n<p>Inger \u00e4r dramapedagogen som blev psykoterapeut f\u00f6r 18 \u00e5r sedan och nu arbetar med hypnos integrerat i individuell, par och familjeterapi och \u00e4ven som handledare. Inger \u00e4r \u201dett ymnighetshorn av lustfylld kreativitet\u201d. Hon arbetar privat men har samarbetat med \u00f6ppenpsykiatrin, prim\u00e4rv\u00e5rden samt andra akt\u00f6rer sedan 1993.<\/p>\n<p>Lina Skantze\u00a0Socionom, Leg. Psykoterapeut, Dipl. Schematerapeut, Cert. Hypnosterapeut (ASCH) Cert. Yoga instrukt\u00f6r<\/p>\n<p>Lina \u00e4r den lugna v\u00e4nligheten personifierad, med m\u00e5nga \u00e5rs erfarenhet som psykoterapeut och utbildare. Naturen, h\u00e4star, katter, yoga, h\u00f6r till Linas \u00e4lsklingsomr\u00e5den, ut\u00f6ver hypnos f\u00f6rst\u00e5s&#8230;<\/p>\n<p>G\u00e4stl\u00e4rare: AnnKristin Lundmark, Leg. Psykolog, Leg. Psykoterapeut, Cert. Hypnosterapeut\u00a0 (ASCH)<\/p>\n<p>AnnKristin har arbetat som psykolog\/psykoterapeut i m\u00e5nga \u00e5r och \u00e4r kris och traumaexpert och en del av Sveriges nationella insatsstyrka. Ann-Kristin f\u00f6rel\u00e4ser och handleder i kris, sorg och trauma. Hon har skrivit b\u00f6cker om sorg och sorgbearbetning samt flera barnb\u00f6cker.<\/p>\n<h2>Examinator<\/h2>\n<p>Gunilla Lundmark, Socionom, Leg. Psykoterapeut, Familjer\u00e5dgivare, Familjeterapeut, Handledare, Sexolog, Cert. Hypnosterapeut (ASCH)<\/p>\n<p>Gunilla \u00e4r psykoterapeuten som tillsammans med Ingrid Aren\u00e4s startade utbildningen \u00e5r 2000. Gunilla har arbetat med individer, par och familjer, handlett, undervisat och inspirerat m\u00e4ngder av psykoterapeuter och andra behandlare under m\u00e5nga \u00e5r. Gunilla har varit ordf\u00f6rande i CHP i m\u00e5nga \u00e5r och vice ordf\u00f6rande i SFKHs Stockholmsstyrelse och tillsammans med kollegorna i CHP gjort en stor insats vad det g\u00e4ller spridandet av Hypnosens m\u00f6jligheter i Sverige. Bland annat startade hon HYPNOSENS DAG som h\u00e5llits f\u00f6r allm\u00e4nheten och fackfolk, f\u00f6r att avmystifiera hypnos och sprida kunskap om klinisk hypnos som en seri\u00f6s behandlingsmetod. Gunilla har \u00e4ven skrivit flera b\u00f6cker: Vad h\u00e4nder med familjen? Sexualitet, lust eller pl\u00e5ga? V\u00e5ldt\u00e4ktskliniken, V\u00e5ldt\u00e4kt \u2013 vanmakt 60 m\u00e4n ber\u00e4ttar, samt medf\u00f6rfattare till boken Blicken, om gruppterapi med incestdrabbade familjer.<\/p>\n<p>Flera \u00e4r medlemmar i SFKH &#8211;<a href=\"http:\/\/www.hypnosforeningen.se\/\">Svenska f\u00f6reningen f\u00f6r Klinisk Hypnos<\/a>.<\/p>\n<div>\n<p><strong>Sagt om kursen: <\/strong>\u201dDen har inte bara gett mig redskap i arbetet, utan blivit ett s\u00e4tt att leva!\u201d Sjukgymnast\u00a0\u00a0\u00a0 \u00a0 \u00a0\u00a0\u00a0\u00a0\u00a0\u00a0\u00a0\u00a0\u00a0\u00a0\u00a0\u00a0\u00a0\u00a0\u00a0\u00a0\u00a0\u00a0\u00a0\u00a0\u00a0\u00a0\u00a0\u00a0\u00a0\u00a0\u00a0\u00a0\u00a0\u00a0\u00a0\u00a0\u00a0\u00a0\u00a0\u00a0\u00a0\u00a0\u00a0\u00a0\u00a0\u00a0\u00a0\u00a0\u00a0\u00a0\u00a0\u00a0\u00a0\u00a0\u00a0\u00a0\u00a0 \u201dUnderbart s\u00e4tt att l\u00e4ra genom att g\u00f6ra. Bra blandning teori och praktik\u201d Psykoterapeut<\/p>\n<p>\u201dJag har l\u00e4rt mig massor som jag kan anv\u00e4nda med mina patienter. Dessutom har jag utvecklats personligen genom utbildningen!\u201d Tandhygienist\u00a0\u00a0\u00a0\u00a0\u00a0\u00a0\u00a0\u00a0\u00a0\u00a0\u00a0\u00a0\u00a0\u00a0\u00a0\u00a0\u00a0\u00a0\u00a0\u00a0\u00a0\u00a0\u00a0\u00a0\u00a0\u00a0\u00a0\u00a0\u00a0\u00a0\u00a0\u00a0\u00a0\u00a0\u00a0\u00a0\u00a0\u00a0\u00a0\u00a0\u00a0\u00a0\u00a0\u00a0\u00a0\u00a0\u00a0\u00a0 \u201dHypnos \u00e4r ett fantastiskt s\u00e4tt att arbeta med m\u00e4nniskor och ni som l\u00e4rare \u00e4r kunniga och inspirerande.\u201d\u00a0 Psykoterapeut<\/p>\n<p>CHP har \u00e4ven en forts\u00e4ttningsutbildning i hypnospsykoterapi med traumabearbetning, ego-statesarbete mm, finns f\u00f6r dig med CHP-grund el. motsv. + minst steg 1 psykoterapi finns.\u00a0<strong>\u00a0\u00a0\u00a0\u00a0\u00a0\u00a0\u00a0\u00a0\u00a0\u00a0\u00a0\u00a0<\/strong> H\u00f6r av dig till Inger.<\/p>\n<p><strong>FORTS\u00c4TTNINGSKURS i klinisk Hypnospsykoterapi 100 tim<\/strong><strong>, <\/strong>plus handledning. F\u00f6r dig med CHP grundkurs (el. motsv.) + minst steg1 utb. i psykoterapi. <strong><u>vt 2018 \u2013 vt 2019<\/u><\/strong><\/p>\n<p>Anv\u00e4ndandet av hypnos i psykoterapeutiskt arbete, inneh\u00e5ll; se nedan.<\/p>\n<p><u>F\u00f6rkunskapskrav:<\/u> CHP grundkurs klinisk hypnos 100 tim (eller motsvarande) i Milton Ericssons anda och tradition.<\/p>\n<p>Deltagarna examineras och erh\u00e5ller certifiering i enlighet med de riktlinjer som g\u00e4ller f\u00f6r Parsons Fein Training Institute (PFTI) vilket ocks\u00e5 ger m\u00f6jlighet att s\u00f6ka certifiering genom European Society of Clinical Hypnosis.<\/p>\n<p><u>L\u00e4rare och utbildningsansvariga:<\/u><\/p>\n<p>Inger Lundmark aukt. Dramapedagog, Fil. Kand, Leg.Psykoterapeut, Familjeterapeut, Gestaltterapi grund, Cert. Hypnosterapeut, Handledare.<\/p>\n<p>Lina Skantze Socionom, Leg. Psykoterapeut, Dipl. Schematerapeut, Cert. Hypnosterapeut<\/p>\n<p><u>G\u00e4stf\u00f6rel\u00e4sare f\u00f6rekommer; <\/u><\/p>\n<p>Daniel Cremonini Leg. Psykoterapeut, Dipl. Schematerapeut Cert. Hypnosterapeut<\/p>\n<p>Marianne Stahlheuer, Leg. Psykolog, Leg. Psykoterapeut, Cert. Hypnosterapeut, Handledare<\/p>\n<p><u>Handledare:<\/u> Inger Lundmark, Marianne Stahlheuer<\/p>\n<p><u>Examinator:<\/u> Gunilla Lundmark<\/p>\n<p>Uppl\u00e4gg 100 tim plus handledning. 7 x 2 dagar + examination.<\/p>\n<p>+ hypnoshandledning i grupp. (50 tim)<\/p>\n<p><u>Examinationen<\/u> best\u00e5r av tv\u00e5 delar:<\/p>\n<p>1) 5 terapisamtal med olika klienter skrivs ut, med de olika i arbetet f\u00f6rekommande hypnosstrategierna samt hypnosinterventionerna utskrivna i marginalen.<\/p>\n<p>2) En uppsats baserad p\u00e5 1 fall, med fokus p\u00e5 hypnos som behandlingsmetod, processbeskrivning, val av hypnosv\u00e4gar, effekter, reflektioner kring hypnos i det terapeutiska arbetet.<\/p>\n<p><u>Uppl\u00e4gg:<\/u> Utbildningen v\u00e4ver med flera tr\u00e5dar genom det hypnosterapeutiska arbetet, bl.a den resurs- och l\u00e4randeorienterade h\u00e5llningen, bed\u00f6mning och gr\u00e4nser, affektfokus, l\u00f6sningsorientering, samt individuellt\/ systemiskt perspektiv. Kursen baseras p\u00e5 learning by doing med teoretiska inslag och ger deltagarna stort utrymme att utveckla och finslipa det egna kreativa, terapeutiska skapandet. <strong>Begr\u00e4nsat antal platser! <\/strong><\/p>\n<p><u>Kostnad:<\/u> 1 800 + moms per kursdag. Handledning tillkommer.<\/p>\n<p><u>\u00a0Litteratur. <\/u>L\u00e4s av lust! Se separat litteraturlista.<\/p>\n<p><strong><u>Anm\u00e4lan till Inger Lundmark senast 10 mars 2018.<\/u><\/strong><\/p>\n<p><a href=\"mailto:inger.slussen@gmail.com\">inger.slussen@gmail.com<\/a><\/p>\n<p><strong>\u00a0<\/strong><\/p>\n<p><strong><u>Datum och inneh\u00e5ll: teman vi arbetar praktiskt och teoretiskt kring. <\/u><\/strong><\/p>\n<ol>\n<li><u> 19 + 20 april 2018 \u00a0Re-vivification! <\/u>(\u00e5terupplivande av gammal f\u00f6rm\u00e5ga, egenskap, som anv\u00e4nds p\u00e5 nytt s\u00e4tt!)\u00a0\u00a0\u00a0\u00a0\u00a0\u00a0\u00a0\u00a0\u00a0\u00a0\u00a0\u00a0\u00a0\u00a0\u00a0\u00a0\u00a0\u00a0\u00a0\u00a0\u00a0\u00a0\u00a0\u00a0\u00a0\u00a0\u00a0\u00a0\u00a0\u00a0\u00a0 Kursstart (Presentationer av utbildningen, uppl\u00e4gg, deltagare, handledning, f\u00f6rslag och \u00f6nskem\u00e5l) Fasorienterat arbete, Etik, F\u00f6rh\u00e5llningss\u00e4tt, Att m\u00f6ta d\u00e4r n\u00e5gon \u00e4r, Hypnosanamnes, Genogram, Bed\u00f6mning och gr\u00e4nser, Hypnotiska strategier. Tidiga \u00f6vningar i hypnosterapin; TP, Barnet inom oss, Imprints, Ideomotoriska signaler, Ja\/ Nej, Early learnings, Positiv Affektbrygga, Age regression\/ age-progression, Hypnossagor mm. Handledning.<\/li>\n<\/ol>\n<ol start=\"2\">\n<li><u> 6 + 7 sep 2018 Vilka m\u00f6ter vi och hur g\u00f6r vi?<\/u><\/li>\n<\/ol>\n<p>Neurotisk, Borderline, Psykotisk niv\u00e5. Motst\u00e5nd, Kris och Trauma (\u00e4ven i generationer), Hypnosarbete med Par &amp; familjer. Handledning.<\/p>\n<ol start=\"3\">\n<li><u>\u00a022 + 23 nov 2018 Trauma och dissociation.<\/u><\/li>\n<\/ol>\n<p>Intrapsykiska tekniker (parts model, IFS, Ego States) \u00c5ngest, Fobier, \u00c4tst\u00f6rningar, Sj\u00e4lvskadebeteenden (beroendeproblematik) Handledning.<\/p>\n<ol start=\"4\">\n<li><u> 25 + 26 jan 2019 I den m\u00f6rka tiden, odla inte bly. I den m\u00f6rka tiden, odla ljus!<\/u><\/li>\n<\/ol>\n<p>Kroppen, l\u00e4kande energier\/fantasier, pre + postoperativt arbete, psykosomatik, Depression (klinisk och utmattnings) D\u00f6den, Sorg, Dr\u00f6mmar, Andligt. Handledning.<\/p>\n<p><u>5) 5 + 6 april 2019 \u00d6vergrepp<\/u><\/p>\n<p>Sexuell problematik, v\u00e5ld, incest. Barn, lekterapi (f\u00f6r barn och f\u00f6r vuxna). Handledning.<\/p>\n<p><u>6) 6 + 7 juni 2019 Beroendeproblematik<\/u><\/p>\n<p>samt f\u00f6rdjupningar utifr\u00e5n gruppens behov och \u00f6nskem\u00e5l.<\/p>\n<p>Handledning. Uppsatsf\u00f6rberedelse.<\/p>\n<p><u>7. Examination 26 + 27 sep 2019<\/u><\/p>\n<p>Genomg\u00e5ng av era sp\u00e4nnande arbeten p\u00e5 sedvanligt CHP-vis.<\/p>\n<p>KALASMIDDAG.<\/p>\n<\/div>\n","protected":false},"excerpt":{"rendered":"<p>K\u00e4nner du behov av f\u00f6rdjupning och utveckling inom ditt yrke? H\u00e4nder det att du saknar verktyg eller l\u00e4ngtar efter nya? \u00c4r du intresserad av metoder f\u00f6r best\u00e5ende f\u00f6r\u00e4ndring och kreativ utveckling, f\u00f6r s\u00e5v\u00e4l patienter som dig sj\u00e4lv som behandlare?\u00a0\u00a0 Vill &hellip; <a href=\"https:\/\/www.ingerlundmark.nu\/?page_id=10\">L\u00e4s mer <span class=\"meta-nav\">&rarr;<\/span><\/a><\/p>\n","protected":false},"author":1,"featured_media":0,"parent":0,"menu_order":0,"comment_status":"closed","ping_status":"closed","template":"","meta":{"footnotes":""},"class_list":["post-10","page","type-page","status-publish","hentry"],"_links":{"self":[{"href":"https:\/\/www.ingerlundmark.nu\/index.php?rest_route=\/wp\/v2\/pages\/10","targetHints":{"allow":["GET"]}}],"collection":[{"href":"https:\/\/www.ingerlundmark.nu\/index.php?rest_route=\/wp\/v2\/pages"}],"about":[{"href":"https:\/\/www.ingerlundmark.nu\/index.php?rest_route=\/wp\/v2\/types\/page"}],"author":[{"embeddable":true,"href":"https:\/\/www.ingerlundmark.nu\/index.php?rest_route=\/wp\/v2\/users\/1"}],"replies":[{"embeddable":true,"href":"https:\/\/www.ingerlundmark.nu\/index.php?rest_route=%2Fwp%2Fv2%2Fcomments&post=10"}],"version-history":[{"count":37,"href":"https:\/\/www.ingerlundmark.nu\/index.php?rest_route=\/wp\/v2\/pages\/10\/revisions"}],"predecessor-version":[{"id":1081,"href":"https:\/\/www.ingerlundmark.nu\/index.php?rest_route=\/wp\/v2\/pages\/10\/revisions\/1081"}],"wp:attachment":[{"href":"https:\/\/www.ingerlundmark.nu\/index.php?rest_route=%2Fwp%2Fv2%2Fmedia&parent=10"}],"curies":[{"name":"wp","href":"https:\/\/api.w.org\/{rel}","templated":true}]}}