{"id":1028,"date":"2021-03-26T12:17:32","date_gmt":"2021-03-26T11:17:32","guid":{"rendered":"https:\/\/www.ingerlundmark.nu\/?page_id=1028"},"modified":"2022-08-30T18:33:17","modified_gmt":"2022-08-30T17:33:17","slug":"beroendeproblematik-masterclass-okt-2021","status":"publish","type":"page","link":"https:\/\/www.ingerlundmark.nu\/?page_id=1028","title":{"rendered":"Beroendeproblematik &#8211; Masterclass"},"content":{"rendered":"\n<p>V\u00e4lkommen till f\u00f6rdjupningsutbildning i klinisk hypnos<\/p>\n\n\n\n<p>Beroendedagarna &#8211; Masterclass &#8211; F\u00f6r dig med minst CHP-grundutbildning i klinisk hypnos, 100 timmar eller motsvarande. V\u00e4lkommen att f\u00f6rdjupa dig teoretiskt och arbeta praktiskt kring beroendeproblematik och klinisk hypnos.<\/p>\n\n\n\n<p><strong>Riskbruk, missbruk och beroende\/medberoende<\/strong><\/p>\n\n\n\n<p><strong>Del 1. <\/strong><\/p>\n\n\n\n<p>1. Beroendeproblematikens bakgrunder, orsaker, forskning kring behandling.<\/p>\n\n\n\n<p>&nbsp;&nbsp;&nbsp; Egna erfarenheter av behandlingsarbete &nbsp;inom omr\u00e5det.<\/p>\n\n\n\n<p>&nbsp;&nbsp;&nbsp; Polyvagal theory kopplat till missbruk. &nbsp;<\/p>\n\n\n\n<p>&nbsp;&nbsp;&nbsp; Behandlingsplaner och hypnosmetodik g\u00e4llande nikotin.<\/p>\n\n\n\n<p>2. Behandlingsplaner och hypnosmetodik g\u00e4llande sk\u00e4rmberoende<\/p>\n\n\n\n<p>&nbsp;&nbsp;&nbsp; (spelberoende, mobiler, sociala medier).<\/p>\n\n\n\n<p><strong>Del 2. <\/strong><\/p>\n\n\n\n<p>3. Uppf\u00f6ljning sen sist.<\/p>\n\n\n\n<p>&nbsp;&nbsp;&nbsp; Samsjuklighet, medberoende, dubbel-trippel-diagnoser.<\/p>\n\n\n\n<p>&nbsp;&nbsp;&nbsp; Behandlingsplaner och hypnosmetodik g\u00e4llande socker, mat, sex,<\/p>\n\n\n\n<p>&nbsp;&nbsp;&nbsp; tr\u00e4ning\/h\u00e4lsa (ortorexi),<\/p>\n\n\n\n<p>&nbsp;4. Behandlingsplaner och hypnosmetodik g\u00e4llande alkohol, cannabis, opiater,<\/p>\n\n\n\n<p>&nbsp;&nbsp;&nbsp;&nbsp; partydroger, s\u00f6mntabletter.<\/p>\n\n\n\n<p><strong>Kursledare:<\/strong> Daniel Cremonini leg. Psykoterapeut, Cert. Hypnosterapeut<\/p>\n\n\n\n<p>Inger Lundmark leg. Psykoterapeut, Cert. Hypnosterapeut, Psykoterapihandledare<\/p>\n\n\n\n<p><strong>Plats:<\/strong> Stockholm. (exakt var meddelas senare. )&nbsp;<\/p>\n\n\n\n<p><strong>Tid:<\/strong> 9.00 \u2013 16.30<\/p>\n\n\n\n<p><strong>Kostnad:<\/strong> &#8230;&#8230;. + moms per kursdag. Kaffe och kursmaterial ing\u00e5r.<\/p>\n\n\n\n<p>(ev. \u00f6vernattningskostnad tillkommer)<\/p>\n\n\n\n<p><strong>Anm\u00e4lan<\/strong>: inger.slussen@gmail.com<\/p>\n\n\n\n<p><strong>OBS! <\/strong>Du som \u00e4r sjuksk\u00f6terska, fysioterapeut, barnmorska (ej psykoterapeut) \u00e4r v\u00e4lkommen att g\u00e5 del 1. Psykoterapeuter som tidigare g\u00e5tt \u201dBeroendedagar\u201d i CHP\u00b4s regi, och har arbetat med beroendeproblematik sedan dess, har m\u00f6jlighet att g\u00e5 enbart del 2, om s\u00e5 \u00f6nskas.<\/p>\n","protected":false},"excerpt":{"rendered":"<p>V\u00e4lkommen till f\u00f6rdjupningsutbildning i klinisk hypnos Beroendedagarna &#8211; Masterclass &#8211; F\u00f6r dig med minst CHP-grundutbildning i klinisk hypnos, 100 timmar eller motsvarande. V\u00e4lkommen att f\u00f6rdjupa dig teoretiskt och arbeta praktiskt kring beroendeproblematik och klinisk hypnos. Riskbruk, missbruk och beroende\/medberoende Del &hellip; <a href=\"https:\/\/www.ingerlundmark.nu\/?page_id=1028\">L\u00e4s mer <span class=\"meta-nav\">&rarr;<\/span><\/a><\/p>\n","protected":false},"author":1,"featured_media":0,"parent":0,"menu_order":0,"comment_status":"closed","ping_status":"closed","template":"","meta":{"footnotes":""},"class_list":["post-1028","page","type-page","status-publish","hentry"],"_links":{"self":[{"href":"https:\/\/www.ingerlundmark.nu\/index.php?rest_route=\/wp\/v2\/pages\/1028","targetHints":{"allow":["GET"]}}],"collection":[{"href":"https:\/\/www.ingerlundmark.nu\/index.php?rest_route=\/wp\/v2\/pages"}],"about":[{"href":"https:\/\/www.ingerlundmark.nu\/index.php?rest_route=\/wp\/v2\/types\/page"}],"author":[{"embeddable":true,"href":"https:\/\/www.ingerlundmark.nu\/index.php?rest_route=\/wp\/v2\/users\/1"}],"replies":[{"embeddable":true,"href":"https:\/\/www.ingerlundmark.nu\/index.php?rest_route=%2Fwp%2Fv2%2Fcomments&post=1028"}],"version-history":[{"count":2,"href":"https:\/\/www.ingerlundmark.nu\/index.php?rest_route=\/wp\/v2\/pages\/1028\/revisions"}],"predecessor-version":[{"id":1040,"href":"https:\/\/www.ingerlundmark.nu\/index.php?rest_route=\/wp\/v2\/pages\/1028\/revisions\/1040"}],"wp:attachment":[{"href":"https:\/\/www.ingerlundmark.nu\/index.php?rest_route=%2Fwp%2Fv2%2Fmedia&parent=1028"}],"curies":[{"name":"wp","href":"https:\/\/api.w.org\/{rel}","templated":true}]}}