{"id":1062,"date":"2023-03-20T15:22:09","date_gmt":"2023-03-20T14:22:09","guid":{"rendered":"https:\/\/www.ingerlundmark.nu\/?page_id=1062"},"modified":"2024-10-15T20:29:45","modified_gmt":"2024-10-15T19:29:45","slug":"traumafokuserad-metodfortbildning","status":"publish","type":"page","link":"https:\/\/www.ingerlundmark.nu\/?page_id=1062","title":{"rendered":"Traumafokuserad metodfortbildning i klinisk hypnos"},"content":{"rendered":"\n<h1 class=\"wp-block-heading\">Traumafokuserad metodfortbildning i klinisk hypnos<\/h1>\n\n\n\n<p>Har du behov av en integrativ och uppdaterad utbildning f\u00f6r traumabehandling?<\/p>\n\n\n\n<p>CHP- Centrum f\u00f6r Hypnos och Psykoterapi, erbjuder kvalificerad f\u00f6rdjupningsutbildning<\/p>\n\n\n\n<p>i trauma f\u00f6r psykologer och psykoterapeuter med minst steg 1-utbildning.<\/p>\n\n\n\n<h1 class=\"wp-block-heading\">Hypnos och body-mind-metoder vid behandling av trauma i psykoterapi<\/h1>\n\n\n\n<p>De senaste \u00e5ren har det gjorts stora internationella framsteg inom f\u00e4ltet traumabehandling, bland annat tack vare teknikutvecklingen, vilken gett nyvunnen kunskap inom neurologi och hj\u00e4rnforskning. Samband mellan nervsystemet och tankar, k\u00e4nslor och beteenden klarg\u00f6rs, liksom hur hj\u00e4rnan p\u00e5verkas av sv\u00e5ra h\u00e4ndelser. Resultatet av forskningen leder till behandlingsmetoder som omfattar kroppens reaktioner s\u00e5 v\u00e4l som rent psykologiska faktorer i arbetet med trauma. Ledande experter som Bessel van der Kolk, Pat Ogden, Peter Levine och Stephen Porges bidrar till utvecklingen inom psykofysiologin.<\/p>\n\n\n\n<p>Hypnos \u00e4r ett effektivt s\u00e4tt att p\u00e5verka och reglera fysiologiska processer och \u00e4r d\u00e4rf\u00f6r en viktig resurs vid behandling av enkel och komplex traumatisering (CPTSD). Fenomenet \u00e4r v\u00e4l vetenskapligt underbyggt och etablerade psykoterapeutiska metoder som EMDR, kognitiva visualiserande metoder (Imagery och Schematerapi) och Internal Family System (IFS) l\u00e5nar ur hypnosens verktygsl\u00e5da. Polyvagalteorin hj\u00e4lper oss att f\u00f6rst\u00e5 vad som h\u00e4nder i nervsystemet, och varf\u00f6r hypnos \u00e4r ett s\u00e5 f\u00f6rtj\u00e4nstfullt redskap vid traumabehandling. <\/p>\n\n\n\n<p>Under utbildningen erh\u00e5ller du f\u00f6rdjupade kunskaper om b\u00e5de stabilisering och bearbetning av trauma. Du l\u00e4r dig bland annat att identifiera transtillst\u00e5nd, behandla dissociation och hj\u00e4lpa dina klienter att k\u00e4nna sig trygga i sin egen kropp. Du f\u00e5r kunskap och \u00f6vning i att behandla sm\u00e4rttillst\u00e5nd och problem med mage\/tarm vilka \u00e4r vanliga traumasymptom som med f\u00f6rdel behandlas med hypnotiska metoder. \u00c4ven annan vanligt f\u00f6rekommande problematik inom individuell-, par- och familjeterapi behandlas. Hypnosmetodiken fungerar v\u00e5rdande och sj\u00e4lvutvecklande \u00e4ven f\u00f6r terapeuten.<\/p>\n\n\n\n<p><strong>&nbsp;<\/strong>Utbildningen \u00e4r integrativ, kreativ och erfarenhetsbaserad. Vi tr\u00e4nar praktiska metoder och varvar individuellt fokus med systemiska perspektiv, par o familjebehandling.<\/p>\n\n\n\n<p><strong>Omfattning: <\/strong>150 tim samt 50 tim handledning i grupp.<\/p>\n\n\n\n<p>Kursen ger r\u00e4tt att s\u00f6ka certifiering till hypnosterapeut genom ESH (European Society of Clinical Hypnosis).<\/p>\n\n\n\n<p><strong>Kursansvarig:<\/strong> Inger Lundmark leg. psykoterapeut, familjeterapeut, cert. hypnosterapeut, handledare<\/p>\n\n\n\n<p><strong>\u00d6vriga l\u00e4rare:<\/strong> Lina Skantze socionom, leg. psykoterapeut, cert. hypnosterapeut, yogainstrukt\u00f6r. F\u00f6rfattare till boken Polyvagalteori i psykoterapi (Gothia kompetens 2023)<\/p>\n\n\n\n<p>Daniel Cremonini, leg. psykoterapeut, cert. hypnosterapeut, yogainstrukt\u00f6r<\/p>\n\n\n\n<p>Satu Olsson, leg,fysioterapeut, leg. psykoterapeut, cert. hypnosterapeut<\/p>\n\n\n\n<p>samt g\u00e4stf\u00f6rel\u00e4sare<\/p>\n\n\n\n<p><strong>Examinatorer: <\/strong>Gunilla Lundmark socionom, leg. psykoterapeut, familjer\u00e5dgivare, sexolog,<\/p>\n\n\n\n<p>cert. hypnosterapeut, handledare, och<\/p>\n\n\n\n<p>Elke Linn Nesser leg.l\u00e4kare, spec. allm\u00e4n psykiatri, leg. psykoterapeut, dipl. hypnosterapeut, cert. EMDR-terapeut.<\/p>\n\n\n\n<p><strong>Kostnad:<\/strong> 1850 + moms per dag. HL tillkommer. (Halvdagar 1500 + moms)<\/p>\n\n\n\n<p>Kursmaterial samt f\u00f6r o em-kaffe ing\u00e5r.<\/p>\n\n\n\n<p><strong>Kursinneh\u00e5ll:<\/strong> Stabiliserande och bearbetande hypnos och body-mind-metoder vid<\/p>\n\n\n\n<p>Enkel och komplex trauma, Trauma i generationer, sekund\u00e4rtrauma<\/p>\n\n\n\n<p>Stress och s\u00f6mnst\u00f6rningar, \u00c5ngest, depression, Fobier, OCD<\/p>\n\n\n\n<p>Psykosomatik, Sexuell problematik, Sm\u00e4rtproblematik, IBS<\/p>\n\n\n\n<p>Beroendeproblematik mm.<\/p>\n\n\n\n<p>Fr\u00e5gor \/anm\u00e4lan till: inger.slussen@gmail.com<\/p>\n\n\n\n<p>(begr\u00e4nsat antal platser)<\/p>\n","protected":false},"excerpt":{"rendered":"<p>Traumafokuserad metodfortbildning i klinisk hypnos Har du behov av en integrativ och uppdaterad utbildning f\u00f6r traumabehandling? CHP- Centrum f\u00f6r Hypnos och Psykoterapi, erbjuder kvalificerad f\u00f6rdjupningsutbildning i trauma f\u00f6r psykologer och psykoterapeuter med minst steg 1-utbildning. Hypnos och body-mind-metoder vid behandling &hellip; <a href=\"https:\/\/www.ingerlundmark.nu\/?page_id=1062\">L\u00e4s mer <span class=\"meta-nav\">&rarr;<\/span><\/a><\/p>\n","protected":false},"author":1,"featured_media":0,"parent":0,"menu_order":0,"comment_status":"closed","ping_status":"closed","template":"","meta":{"footnotes":""},"class_list":["post-1062","page","type-page","status-publish","hentry"],"_links":{"self":[{"href":"https:\/\/www.ingerlundmark.nu\/index.php?rest_route=\/wp\/v2\/pages\/1062","targetHints":{"allow":["GET"]}}],"collection":[{"href":"https:\/\/www.ingerlundmark.nu\/index.php?rest_route=\/wp\/v2\/pages"}],"about":[{"href":"https:\/\/www.ingerlundmark.nu\/index.php?rest_route=\/wp\/v2\/types\/page"}],"author":[{"embeddable":true,"href":"https:\/\/www.ingerlundmark.nu\/index.php?rest_route=\/wp\/v2\/users\/1"}],"replies":[{"embeddable":true,"href":"https:\/\/www.ingerlundmark.nu\/index.php?rest_route=%2Fwp%2Fv2%2Fcomments&post=1062"}],"version-history":[{"count":3,"href":"https:\/\/www.ingerlundmark.nu\/index.php?rest_route=\/wp\/v2\/pages\/1062\/revisions"}],"predecessor-version":[{"id":1100,"href":"https:\/\/www.ingerlundmark.nu\/index.php?rest_route=\/wp\/v2\/pages\/1062\/revisions\/1100"}],"wp:attachment":[{"href":"https:\/\/www.ingerlundmark.nu\/index.php?rest_route=%2Fwp%2Fv2%2Fmedia&parent=1062"}],"curies":[{"name":"wp","href":"https:\/\/api.w.org\/{rel}","templated":true}]}}