{"id":1066,"date":"2023-03-20T15:28:01","date_gmt":"2023-03-20T14:28:01","guid":{"rendered":"https:\/\/www.ingerlundmark.nu\/?page_id=1066"},"modified":"2023-03-20T15:30:39","modified_gmt":"2023-03-20T14:30:39","slug":"empatitrotthet-sekundartraumatisering","status":"publish","type":"page","link":"https:\/\/www.ingerlundmark.nu\/?page_id=1066","title":{"rendered":"Empatitr\u00f6tthet &#038; sekund\u00e4rtraumatisering"},"content":{"rendered":"\n<p>En halvdag f\u00f6r behandlare inom v\u00e5rd och omsorg p\u00e5 temat: Vem v\u00e5rdar v\u00e5rdpersonalen? Empatitr\u00f6tthet och risken f\u00f6r sekund\u00e4rtraumatisering..\u00a0<\/p>\n\n\n\n<p> Vi b\u00f6rjar dagen med att titta n\u00e4rmare p\u00e5 <strong>empatitr\u00f6tthetens tidiga tecken<\/strong> och forts\u00e4tter med hypnotisk sj\u00e4lvomsorg. Skonsamma sj\u00e4lvhj\u00e4lpsmetoder som ger m\u00f6jlighet till effektiv \u00e5terh\u00e4mtning. <\/p>\n\n\n\n<p>D\u00e4refter f\u00f6rdjupar vi oss i <strong>sekund\u00e4rtraumatiseringens<\/strong> dom\u00e4ner.<\/p>\n\n\n\n<p>I arbetet med patienter f\u00e5r vi olika typer av traumatiska upplevelser och minnen i kn\u00e4t. Somt \u00e4r l\u00e4tt att h\u00e4rbergera, l\u00e5ta passera utan dagsrest. Annat kan kan bita sig fast, h\u00e5lla sig kvar, f\u00f6lja med oss hem och ibland dyka upp i v\u00e5rt eget privatliv.<\/p>\n\n\n\n<p>Vi beh\u00f6ver vara medvetna om riskerna f\u00f6r att bli sekund\u00e4rtraumatiserade, och ha metoder f\u00f6r att sl\u00e4ppa det vi h\u00e4rbergerat.<\/p>\n\n\n\n<p><strong>Hur g\u00f6r du f\u00f6r att rensa och befria dig? Fick du metoder f\u00f6r detta i din utbildning?<\/strong><\/p>\n\n\n\n<p>Handledning \u00e4r ju ett s\u00e4tt, kamrathandledning eller att f\u00e5 pysa lite anonymt med en kollega kan vara n\u00f6dv\u00e4ndigt ibland f\u00f6r att f\u00f6rdela trycket..\u00a0Men, ibland finns d\u00e4r <strong>bilder som vi inte vill dela<\/strong>, olika typer av mer eller mindre hemska, skr\u00e4mmande, \u00e4ckliga bilder som vi inte vill smitta in i v\u00e5ra medm\u00e4nniskor. D\u00e5 kan det vara f\u00f6rtj\u00e4nstfullt att f\u00e5 arbeta med <strong>hypnotisk soph\u00e4mtning <\/strong>och cermonier\/ ritualer d\u00e4r vi kan tacka oss sj\u00e4lva f\u00f6r att vi orkat b\u00e4ra, k\u00e4nna vad det gett f\u00f6r konsekvenser, vad vi l\u00e4rt, och till\u00e5ta oss att sl\u00e4ppa och g\u00e5 vidare..<\/p>\n\n\n\n<p>Dagen avrundas med lekfulla \u00f6vningar ur <strong>fantasins grammatik<\/strong>\u2026<\/p>\n\n\n\n<p>Boka en halvdag p\u00e5 din arbetsplats: inger.slussen@gmail.com<\/p>\n","protected":false},"excerpt":{"rendered":"<p>En halvdag f\u00f6r behandlare inom v\u00e5rd och omsorg p\u00e5 temat: Vem v\u00e5rdar v\u00e5rdpersonalen? Empatitr\u00f6tthet och risken f\u00f6r sekund\u00e4rtraumatisering..\u00a0 Vi b\u00f6rjar dagen med att titta n\u00e4rmare p\u00e5 empatitr\u00f6tthetens tidiga tecken och forts\u00e4tter med hypnotisk sj\u00e4lvomsorg. Skonsamma sj\u00e4lvhj\u00e4lpsmetoder som ger m\u00f6jlighet till &hellip; <a href=\"https:\/\/www.ingerlundmark.nu\/?page_id=1066\">L\u00e4s mer <span class=\"meta-nav\">&rarr;<\/span><\/a><\/p>\n","protected":false},"author":1,"featured_media":0,"parent":0,"menu_order":0,"comment_status":"closed","ping_status":"closed","template":"","meta":{"footnotes":""},"class_list":["post-1066","page","type-page","status-publish","hentry"],"_links":{"self":[{"href":"https:\/\/www.ingerlundmark.nu\/index.php?rest_route=\/wp\/v2\/pages\/1066","targetHints":{"allow":["GET"]}}],"collection":[{"href":"https:\/\/www.ingerlundmark.nu\/index.php?rest_route=\/wp\/v2\/pages"}],"about":[{"href":"https:\/\/www.ingerlundmark.nu\/index.php?rest_route=\/wp\/v2\/types\/page"}],"author":[{"embeddable":true,"href":"https:\/\/www.ingerlundmark.nu\/index.php?rest_route=\/wp\/v2\/users\/1"}],"replies":[{"embeddable":true,"href":"https:\/\/www.ingerlundmark.nu\/index.php?rest_route=%2Fwp%2Fv2%2Fcomments&post=1066"}],"version-history":[{"count":2,"href":"https:\/\/www.ingerlundmark.nu\/index.php?rest_route=\/wp\/v2\/pages\/1066\/revisions"}],"predecessor-version":[{"id":1069,"href":"https:\/\/www.ingerlundmark.nu\/index.php?rest_route=\/wp\/v2\/pages\/1066\/revisions\/1069"}],"wp:attachment":[{"href":"https:\/\/www.ingerlundmark.nu\/index.php?rest_route=%2Fwp%2Fv2%2Fmedia&parent=1066"}],"curies":[{"name":"wp","href":"https:\/\/api.w.org\/{rel}","templated":true}]}}