{"id":148,"date":"2011-01-31T21:22:57","date_gmt":"2011-01-31T20:22:57","guid":{"rendered":"http:\/\/www.ingerlundmark.nu\/?page_id=148"},"modified":"2020-02-25T10:49:32","modified_gmt":"2020-02-25T09:49:32","slug":"chp","status":"publish","type":"page","link":"https:\/\/www.ingerlundmark.nu\/?page_id=148","title":{"rendered":"CHP"},"content":{"rendered":"<p><img loading=\"lazy\" decoding=\"async\" class=\"alignleft size-thumbnail wp-image-976\" src=\"http:\/\/www.ingerlundmark.nu\/wp-content\/uploads\/2020\/02\/EvaLenas-bild-beskuren-150x150.jpeg\" alt=\"\" width=\"150\" height=\"150\" \/>CHP (Centum f\u00f6r Hypnos och Psykoterapi)<br \/>\n\u00e4r en intressef\u00f6rening som startade formellt 2003 med syfte att fr\u00e4mja, utbilda, st\u00f6dja och utveckla hypnosterapi och hypnospsykoterapi enligt Milton H Ericson.<\/p>\n<p>Enligt stadgarna skall verksamheten bedrivas i form av utbildning, behandling, utv\u00e4rdering och forskning.<\/p>\n<p>F\u00f6reningen har sin grund i en utbildning i hypnospsykoterapi i Stockholm\u00a0\u00a0\u00a0 1996-1998 \u00a0\u00a0 med\u00a0 Jane Parsons-Fein, New York, som l\u00e4rare och examinator.\u00a0\u00a0\u00a0\u00a0\u00a0\u00a0\u00a0\u00a0\u00a0\u00a0\u00a0\u00a0\u00a0\u00a0\u00a0\u00a0\u00a0\u00a0\u00a0\u00a0\u00a0\u00a0\u00a0\u00a0\u00a0\u00a0\u00a0\u00a0\u00a0 Utbildningen var upplagd\u00a0 i enlighet med ASCH (American society of clinical Hypnosis) kunskapskrav. Jane har under flera \u00e5r varit Director of the board of ASCH, hypnosl\u00e4rare med Milton Ericson som den huvudsakliga kliniska \/teoretiska f\u00f6rebilden. Jane arbetade tillsammans med Milton och var \u00e4ven under en period f\u00f6rest\u00e5ndare f\u00f6r Milton Ericson\u00a0 Institute, i Phoenix Arizona.<br \/>\n<a href=\"http:\/\/www.ingerlundmark.nu\/?attachment_id=102\" rel=\"attachment wp-att-102\"><img loading=\"lazy\" decoding=\"async\" title=\"Jane Parson Fein\" src=\"http:\/\/chp.nu\/wp-content\/uploads\/2011\/01\/Bild-051-150x150.jpg\" alt=\"Jane Parson Fein\" width=\"150\" height=\"150\" \/><\/a><\/p>\n<p>D\u00e5 de tv\u00e5 psykoterapeuterna Ingrid Aren\u00e4s och Gunilla Lundmark blivit examinerade, ombads de av Jane Parsons-Fein att forts\u00e4tta hennes utbildning i Sverige.\u00a0 De\u00a0 startade denna utbildningsverksamhet 1999 med 100 timmars grundkurs i klinisk hypnos med en p\u00e5f\u00f6ljande f\u00f6rdjupningskurs f\u00f6r psykoterapeuter p\u00e5 ytterligare 100 timmar. Examinator f\u00f6r utbildningarna \u00e4r Gunilla Lundmark och Ingrid Aren\u00e4s och certifikat erh\u00e5lles b\u00e5de av de svenska l\u00e4rarna och av Jane Parsons-Fein. (PFTI)<\/p>\n<p>\u00c5r 2003 startades f\u00f6reningen CHP f\u00f6r att h\u00e5lla hypnoskunskaperna vid liv hos de som genomg\u00e5tt utbildningen, samt f\u00f6r att inspirera till ytterligare tr\u00e4ning, f\u00f6lja metodutveckling, stimulera till dokumentation och forskning.<\/p>\n<p>Medlemmarna tr\u00e4ffas minst 2 ggr\/\u00e5r med f\u00f6rel\u00e4sningar, workshops, tekniktr\u00e4ning, presentation av n\u00e4rliggande terapiomr\u00e5den mm. Fortsatt handledning i grupp eller enskilt bidrar ocks\u00e5 till att uppr\u00e4tth\u00e5lla och f\u00f6rdjupa kunskaperna.<br \/>\nF\u00f6reningen \u00e4r\u00a0 i f\u00f6rsta hand \u00f6ppen f\u00f6r de som g\u00e5r eller har slutf\u00f6rt utbildningen hos CHP.<br \/>\n\u00c4ven andra kan bli medlemmar efter rekommendation av chp-medlem och<br \/>\nefter s\u00e4rskilt beslut av styrelsen som bed\u00f6mer l\u00e4mplighet och tidigare hypnosutbildning som ska vara i \u00f6verensst\u00e4mmelse med Milton Ericsons etiska m\u00e4nniskosyn och terapeutiska f\u00f6rh\u00e5llningss\u00e4tt och bedrivas i CHP\u00b4s anda. <a href=\"http:\/\/www.chp.nu\">L\u00e4nk till CHP\u00b4s hemsida www.chp.nu<\/a><\/p>\n<div id=\"primary\"><\/div>\n","protected":false},"excerpt":{"rendered":"<p>CHP (Centum f\u00f6r Hypnos och Psykoterapi) \u00e4r en intressef\u00f6rening som startade formellt 2003 med syfte att fr\u00e4mja, utbilda, st\u00f6dja och utveckla hypnosterapi och hypnospsykoterapi enligt Milton H Ericson. Enligt stadgarna skall verksamheten bedrivas i form av utbildning, behandling, utv\u00e4rdering och &hellip; <a href=\"https:\/\/www.ingerlundmark.nu\/?page_id=148\">L\u00e4s mer <span class=\"meta-nav\">&rarr;<\/span><\/a><\/p>\n","protected":false},"author":1,"featured_media":0,"parent":0,"menu_order":0,"comment_status":"closed","ping_status":"closed","template":"","meta":{"footnotes":""},"class_list":["post-148","page","type-page","status-publish","hentry"],"_links":{"self":[{"href":"https:\/\/www.ingerlundmark.nu\/index.php?rest_route=\/wp\/v2\/pages\/148","targetHints":{"allow":["GET"]}}],"collection":[{"href":"https:\/\/www.ingerlundmark.nu\/index.php?rest_route=\/wp\/v2\/pages"}],"about":[{"href":"https:\/\/www.ingerlundmark.nu\/index.php?rest_route=\/wp\/v2\/types\/page"}],"author":[{"embeddable":true,"href":"https:\/\/www.ingerlundmark.nu\/index.php?rest_route=\/wp\/v2\/users\/1"}],"replies":[{"embeddable":true,"href":"https:\/\/www.ingerlundmark.nu\/index.php?rest_route=%2Fwp%2Fv2%2Fcomments&post=148"}],"version-history":[{"count":21,"href":"https:\/\/www.ingerlundmark.nu\/index.php?rest_route=\/wp\/v2\/pages\/148\/revisions"}],"predecessor-version":[{"id":977,"href":"https:\/\/www.ingerlundmark.nu\/index.php?rest_route=\/wp\/v2\/pages\/148\/revisions\/977"}],"wp:attachment":[{"href":"https:\/\/www.ingerlundmark.nu\/index.php?rest_route=%2Fwp%2Fv2%2Fmedia&parent=148"}],"curies":[{"name":"wp","href":"https:\/\/api.w.org\/{rel}","templated":true}]}}