{"id":262,"date":"2012-09-12T11:09:11","date_gmt":"2012-09-12T10:09:11","guid":{"rendered":"http:\/\/www.ingerlundmark.nu\/?page_id=262"},"modified":"2023-03-20T15:33:07","modified_gmt":"2023-03-20T14:33:07","slug":"omdomen-2","status":"publish","type":"page","link":"https:\/\/www.ingerlundmark.nu\/?page_id=262","title":{"rendered":"Omd\u00f6men"},"content":{"rendered":"<p>Inger har hj\u00e4lpt ett stort antal klienter genom \u00e5ren, med \u00e5ngestproblematik, trauman, (sexuella \u00f6vergrepp, v\u00e5ld mm) s\u00f6mnsv\u00e5righeter, \u00e4ktenskapsproblematik, familjekris, fobier, r\u00f6kstopp, sj\u00e4lvk\u00e4nsla\/ sj\u00e4lvf\u00f6rtroende, dermatilliomani, tricotrillomani, fibromyalgi, svindel, flygr\u00e4dsla, scenskr\u00e4ck, IBS, OCD, f\u00f6rlossningsf\u00f6rberedelse mm.<\/p>\n<p>Inger \u00e4r en uppskattad och efterfr\u00e5gad psykoterapeut och handledare. H\u00e4r \u00e4r n\u00e5gra omd\u00f6men: (se \u00e4ven p\u00e5 V\u00e5rdguiden.se, Slussen Hypnos &amp; Psykoterapi, omd\u00f6men.)<\/p>\n<p>&#8221;Tack f\u00f6r hypnoshj\u00e4lpen inf\u00f6r f\u00f6rlossning!! Redan p\u00e5 fredagen efter vi varit hos dig var det dags. De inre bilderna hj\u00e4lpte mycket. Det hela gick p\u00e5 tre timmar utan epidural och bristningar. S\u00e5 det hela blev en magisk upplevelse. Tack!!! (kvinna 30)<\/p>\n<p>&#8221;Det b\u00e4sta jag gjort i mitt liv!&#8221; man 50<\/p>\n<p>&#8221;Jag har aldrig f\u00f6rut f\u00e5tt ett s\u00e5nt fint terapeutiskt bem\u00f6tande&#8221;, kvinna 65<\/p>\n<p>&#8221;Inger \u00e4r varm, kunnig och inspirerande. Helt fantastiskt.&#8221; kvinna 45<\/p>\n<p>&#8221;Med hj\u00e4lp av Inger Lundmark och hennes hypnosterapi kunde jag g\u00e5 till djupet med mina barndomsupplevelser, f\u00e5 hj\u00e4lp att f\u00f6rh\u00e5lla mig till dem och l\u00e4ra mig skilja p\u00e5 mig sj\u00e4lv som barn och som vuxen. Jag fick ocks\u00e5 verktyg f\u00f6r att uppr\u00e4tta inre gr\u00e4nser och och \u00e4ven bryta mig loss fr\u00e5n destruktiva sammanhang, beteenden och m\u00f6nster. Jag fick i henne en trygg f\u00f6ljeslagare i mina egna tillbakablickar. Det hj\u00e4lpte mig att hitta fram till den jag vill vara och \u00e4r. Jag skrev om mina upplevelser och det blev den slutgiltiga pusselbiten till att bli en helare och vuxen m\u00e4nniska. Hypnosterapin blev ett konkret och ett direkt livsavg\u00f6rande steg p\u00e5 den v\u00e4gen. Jag har rekommenderat Inger Lundmark till m\u00e5nga av mina v\u00e4nner och kommer forts\u00e4tta att g\u00f6ra det! &#8221; kvinna<\/p>\n<p><span style=\"text-decoration: underline;\">Sagt om Appen Hypnos &amp; H\u00e4lsa: <\/span><\/p>\n<p>&#8221;Helt underbart, har redan laddat ner flera stycken.. Inger har en fantastisk r\u00f6st!&#8221;<\/p>\n<p><span style=\"text-decoration: underline;\">SOVT\u00c5GET:<\/span>\u00a0\u00a0\u00a0\u00a0\u00a0\u00a0\u00a0\u00a0\u00a0\u00a0\u00a0\u00a0\u00a0\u00a0\u00a0\u00a0\u00a0\u00a0\u00a0\u00a0\u00a0\u00a0\u00a0\u00a0\u00a0\u00a0\u00a0\u00a0\u00a0\u00a0\u00a0\u00a0\u00a0\u00a0\u00a0\u00a0\u00a0\u00a0\u00a0\u00a0\u00a0\u00a0\u00a0\u00a0\u00a0\u00a0\u00a0\u00a0\u00a0\u00a0\u00a0\u00a0\u00a0\u00a0\u00a0\u00a0\u00a0\u00a0\u00a0\u00a0\u00a0\u00a0\u00a0\u00a0\u00a0\u00a0\u00a0\u00a0\u00a0\u00a0\u00a0\u00a0\u00a0\u00a0\u00a0\u00a0\u00a0\u00a0\u00a0\u00a0\u00a0\u00a0\u00a0\u00a0\u00a0\u00a0\u00a0\u00a0\u00a0\u00a0\u00a0\u00a0\u00a0\u00a0\u00a0\u00a0\u00a0\u00a0\u00a0\u00a0\u00a0\u00a0\u00a0\u00a0 <em>\u201d TACK f\u00f6r den fantastiska skivan. Min stora kille p\u00e5 10-\u00e5r med ADHD-diagnos och som alltid har haft lite jobbigt att slappna av och somna p\u00e5 kv\u00e4llen somnar inom 5 minuter. Han ska absolut ha skivan p\u00e5 n\u00e4r han l\u00e4gger sej. Underbart att se honom slappna av s\u00e5. \u00c4ven jag somnade gott n\u00e4r jag lyssnade med barnen f\u00f6rsta kv\u00e4llen. Dagen d\u00e4rp\u00e5 riktigt l\u00e4ngtade jag till att f\u00e5 g\u00e5 och l\u00e4gga mej och lyssna och somna med v\u00e4gledning av skivan. Du \u00e4r verkligen riktigt duktig p\u00e5 det h\u00e4r. Det \u00e4r s\u00e5 h\u00e4rligt och man m\u00e5r s\u00e5 gott dagen efter ocks\u00e5. Jag \u00e4r lugnare och har liksom mer kontakt med mig sj\u00e4lv.\u201d <\/em>(Mamma, SOVT\u00c5GET BARN)<\/p>\n<p>\u201dDet funkar j\u00e4ttebra, jag somnar p\u00e5 en g\u00e5ng, och \u00e4ven om jag vaknat mitt i natten s\u00e5 fungerar det d\u00e5 ocks\u00e5. V\u00e4ldigt sk\u00f6nt! Inger har en fantastisk r\u00f6st! \u201d (Kvinna 63 \u00e5r, SOVT\u00c5GET f\u00f6r VUXNA)<\/p>\n<p>\u201dAsbra. Funkar varje g\u00e5ng.\u201d (Kille 16,5 \u00e5r SOVT\u00c5GET Unga Vuxna)<\/p>\n<p>\u201dJag har lyssnat p\u00e5 m\u00e5nga olika avslappningsskivor etc men det h\u00e4r \u00e4r skillnad! Det h\u00e4r \u00e4r bra! Jag m\u00e5r liksom b\u00e4ttre hela tiden.\u201d (Tjej 19 \u00e5r, Sovt\u00e5get Unga Vuxna)<\/p>\n<p>\u201dMin son t\u00e4vlar med sig sj\u00e4lv om att h\u00f6ra hela Sovt\u00e5get. Han har hittills inte lyckats..\u201d (Pappa SOVT\u00c5GET BARN)<\/p>\n<p>\u201dMin son och dotter turas om om CD-n och de gillar den! Nu vill deras kompis ha en egen..\u201d (Mamma, SOVT\u00c5GET BARN)<\/p>\n","protected":false},"excerpt":{"rendered":"<p>Inger har hj\u00e4lpt ett stort antal klienter genom \u00e5ren, med \u00e5ngestproblematik, trauman, (sexuella \u00f6vergrepp, v\u00e5ld mm) s\u00f6mnsv\u00e5righeter, \u00e4ktenskapsproblematik, familjekris, fobier, r\u00f6kstopp, sj\u00e4lvk\u00e4nsla\/ sj\u00e4lvf\u00f6rtroende, dermatilliomani, tricotrillomani, fibromyalgi, svindel, flygr\u00e4dsla, scenskr\u00e4ck, IBS, OCD, f\u00f6rlossningsf\u00f6rberedelse mm. Inger \u00e4r en uppskattad och efterfr\u00e5gad psykoterapeut &hellip; <a href=\"https:\/\/www.ingerlundmark.nu\/?page_id=262\">L\u00e4s mer <span class=\"meta-nav\">&rarr;<\/span><\/a><\/p>\n","protected":false},"author":1,"featured_media":0,"parent":0,"menu_order":0,"comment_status":"closed","ping_status":"closed","template":"","meta":{"footnotes":""},"class_list":["post-262","page","type-page","status-publish","hentry"],"_links":{"self":[{"href":"https:\/\/www.ingerlundmark.nu\/index.php?rest_route=\/wp\/v2\/pages\/262","targetHints":{"allow":["GET"]}}],"collection":[{"href":"https:\/\/www.ingerlundmark.nu\/index.php?rest_route=\/wp\/v2\/pages"}],"about":[{"href":"https:\/\/www.ingerlundmark.nu\/index.php?rest_route=\/wp\/v2\/types\/page"}],"author":[{"embeddable":true,"href":"https:\/\/www.ingerlundmark.nu\/index.php?rest_route=\/wp\/v2\/users\/1"}],"replies":[{"embeddable":true,"href":"https:\/\/www.ingerlundmark.nu\/index.php?rest_route=%2Fwp%2Fv2%2Fcomments&post=262"}],"version-history":[{"count":12,"href":"https:\/\/www.ingerlundmark.nu\/index.php?rest_route=\/wp\/v2\/pages\/262\/revisions"}],"predecessor-version":[{"id":1071,"href":"https:\/\/www.ingerlundmark.nu\/index.php?rest_route=\/wp\/v2\/pages\/262\/revisions\/1071"}],"wp:attachment":[{"href":"https:\/\/www.ingerlundmark.nu\/index.php?rest_route=%2Fwp%2Fv2%2Fmedia&parent=262"}],"curies":[{"name":"wp","href":"https:\/\/api.w.org\/{rel}","templated":true}]}}