{"id":642,"date":"2014-08-20T08:37:31","date_gmt":"2014-08-20T07:37:31","guid":{"rendered":"http:\/\/www.ingerlundmark.nu\/?page_id=642"},"modified":"2024-01-16T21:50:19","modified_gmt":"2024-01-16T20:50:19","slug":"hur-ladda-ner-ljudfiler","status":"publish","type":"page","link":"https:\/\/www.ingerlundmark.nu\/?page_id=642","title":{"rendered":"Hypnos-App"},"content":{"rendered":"<div class=\"wp-block-image\">\n<figure class=\"alignleft size-full\"><img loading=\"lazy\" decoding=\"async\" width=\"650\" height=\"1004\" src=\"https:\/\/www.ingerlundmark.nu\/wp-content\/uploads\/2024\/01\/apptips-2022.-55-x-85.jpg\" alt=\"\" class=\"wp-image-1082\" srcset=\"https:\/\/www.ingerlundmark.nu\/wp-content\/uploads\/2024\/01\/apptips-2022.-55-x-85.jpg 650w, https:\/\/www.ingerlundmark.nu\/wp-content\/uploads\/2024\/01\/apptips-2022.-55-x-85-194x300.jpg 194w\" sizes=\"auto, (max-width: 650px) 100vw, 650px\" \/><\/figure>\n<\/div>\n\n\n<p>Ingers app heter <strong>Hypnos &amp; H\u00e4lsa &#8211; <\/strong><strong>Den \u00e4r gratis att ladda ner!&nbsp;<\/strong>H\u00e4r hittar du en rad olika sk\u00f6na hypnosinspelningar. Sj\u00e4lvklart kan du provlyssna innan du laddar ner.<\/p>\n\n\n\n<ol class=\"wp-block-list\">\n<li>En stund f\u00f6r dig&nbsp;<strong>2.<\/strong> Tr\u00e4det-st\u00e5 rak \u00e4ven n\u00e4r det bl\u00e5ser <strong>3.<\/strong> Sluta \u00e4lta, sl\u00e4pp det!&nbsp;<strong>4.<\/strong> Dina k\u00e4nslor &#8211; utforska, rensa, st\u00e4rk, sl\u00e4pp fram&nbsp;&nbsp;<strong>5.<\/strong> Sj\u00e4lvomsorg &#8211; ge dig sj\u00e4lv mer av det du saknat&nbsp;<strong>6.<\/strong> Aktivera dina h\u00e4stkrafter, g\u00e5 vidare &amp; finn din flock!&nbsp; <strong>7.<\/strong> Separation. Sagan om slottet som sprack&nbsp; <strong>8.<\/strong> PMS-p\u00e5 min sida&nbsp;&nbsp;<strong>9.<\/strong> Antingen och! -hitta din balans..&nbsp;<strong>10.<\/strong> Upp ur depression, en delfinsaga <strong>11<\/strong>. K\u00e4rlek &amp; Lust, bjud in f\u00f6r\u00e4lskelsen, lyssna tillsammans..&nbsp;<strong>12.<\/strong> Alla dina \u00e5ldrar -samla ihop dig och bli hel&nbsp;<strong>13. <\/strong>Pepp!&nbsp;<strong>14.<\/strong> Post-covid, tr\u00e4na doft och smaksinnet &nbsp;<strong>15.<\/strong> Glad kropp..&nbsp;<strong>16.<\/strong>&nbsp;Sovt\u00e5get 1, insomningsst\u00f6d f\u00f6r vuxna&nbsp;<strong>17.<\/strong> Sovt\u00e5get 2, f\u00f6r dig som vaknat mitt i natten&nbsp;<strong>18.<\/strong> Sovt\u00e5get f\u00f6r unga vuxna, insomningsst\u00f6d&nbsp;<strong>19.<\/strong> Sovt\u00e5get f\u00f6r barn, fr\u00e5n 5 \u00e5r<\/li>\n<\/ol>\n\n\n\n<ol class=\"wp-block-list\">\n<li><\/li>\n<\/ol>\n\n\n\n<p>G\u00e5 in p\u00e5 app-store&nbsp; (i-phone) eller google play (android). S\u00f6k p\u00e5 <strong>Hypnos &amp; H\u00e4lsa.<\/strong><br>Appen \u00e4r gratis, inne i hypnosbiblioteket kan du sedan klicka och provlyssna p\u00e5 de olika sp\u00e5ren eller g\u00f6ra ett k\u00f6p s\u00e5 laddas den ner och sparas i ditt hypnosbibliotek.<\/p>\n\n\n\n<p><strong>Jan 2024 &#8211;<\/strong> Tyv\u00e4rr problem med Android-versionen pga Googles plattform. Teknikern tittar p\u00e5 problemet och f\u00f6rs\u00f6ker l\u00f6sa det asap! Kan du inte v\u00e4nta? Maila inger.slussen@gmail.com, och best\u00e4ll direkt s\u00e5 f\u00e5r du hypnosfilen du beh\u00f6ver till din mail!<\/p>\n\n\n\n<p><strong>En g\u00e5ng om \u00e5ret uppdateras servern<\/strong> (via apple och google, out of my control),&nbsp;d\u00e5 kan det h\u00e4nda att dina program f\u00f6rsvinner. <strong>Don\u00b4t worry, g\u00f6r s\u00e5h\u00e4r;&nbsp;&nbsp;<\/strong>1. G\u00e5 in i appen, l\u00e4ngst ner till v\u00e4nster finns rubriken &#8221;Om appen&#8221;. D\u00e4r finns en knapp med <strong>SYNKRONISERA K\u00d6P<\/strong>, tryck p\u00e5 den, s\u00e5 kommer dina k\u00f6pta program tillbaka.&nbsp;Om det inte hj\u00e4lper:&nbsp;2. Avinstallera och \u00e5terinstallera appen, tryck p\u00e5 knappen synkronisera k\u00f6p. Funkar!<\/p>\n\n\n\n<p><strong>Sep\/ okt- 22: Kom nya version av appen Hypnos &amp; H\u00e4lsa &#8211; <\/strong>Ladda ner ett ljudsp\u00e5r f\u00f6r 85 &#8211; 90 kr. (Ladda ner och sen \u00e4r den din, inga prenumerationer!)&nbsp;&nbsp;&nbsp;&nbsp;&nbsp;&nbsp;&nbsp;&nbsp;&nbsp;&nbsp;&nbsp;&nbsp;&nbsp;&nbsp;&nbsp;&nbsp;&nbsp;&nbsp;&nbsp;<\/p>\n\n\n\n<!--more-->\n\n\n\n<p>ps. Du kan \u00e4ven best\u00e4lla en ljudfil som \u00e4r specialgjord just f\u00f6r dig, till sedvanligt timpris. Maila: inger.slussen@gmail.com<\/p>\n\n\n\n<p>CD anv\u00e4nds knappt l\u00e4ngre. Jag rekommenderar dig att ladda ner appen direkt till din telefon eller padda. Men &#8211; om du \u00e4nd\u00e5 vill ha en CD, maila s\u00e5 ordnar vi det!<\/p>\n\n\n\n<figure class=\"wp-block-table\"><table><tbody><tr><td>&nbsp;<\/td><td>&nbsp;<\/td><\/tr><\/tbody><\/table><\/figure>\n\n\n\n<p><\/p>\n","protected":false},"excerpt":{"rendered":"<p>Ingers app heter Hypnos &amp; H\u00e4lsa &#8211; Den \u00e4r gratis att ladda ner!&nbsp;H\u00e4r hittar du en rad olika sk\u00f6na hypnosinspelningar. Sj\u00e4lvklart kan du provlyssna innan du laddar ner. G\u00e5 in p\u00e5 app-store&nbsp; (i-phone) eller google play (android). S\u00f6k p\u00e5 Hypnos &hellip; <a href=\"https:\/\/www.ingerlundmark.nu\/?page_id=642\">L\u00e4s mer <span class=\"meta-nav\">&rarr;<\/span><\/a><\/p>\n","protected":false},"author":1,"featured_media":0,"parent":0,"menu_order":0,"comment_status":"closed","ping_status":"closed","template":"","meta":{"footnotes":""},"class_list":["post-642","page","type-page","status-publish","hentry"],"_links":{"self":[{"href":"https:\/\/www.ingerlundmark.nu\/index.php?rest_route=\/wp\/v2\/pages\/642","targetHints":{"allow":["GET"]}}],"collection":[{"href":"https:\/\/www.ingerlundmark.nu\/index.php?rest_route=\/wp\/v2\/pages"}],"about":[{"href":"https:\/\/www.ingerlundmark.nu\/index.php?rest_route=\/wp\/v2\/types\/page"}],"author":[{"embeddable":true,"href":"https:\/\/www.ingerlundmark.nu\/index.php?rest_route=\/wp\/v2\/users\/1"}],"replies":[{"embeddable":true,"href":"https:\/\/www.ingerlundmark.nu\/index.php?rest_route=%2Fwp%2Fv2%2Fcomments&post=642"}],"version-history":[{"count":29,"href":"https:\/\/www.ingerlundmark.nu\/index.php?rest_route=\/wp\/v2\/pages\/642\/revisions"}],"predecessor-version":[{"id":1083,"href":"https:\/\/www.ingerlundmark.nu\/index.php?rest_route=\/wp\/v2\/pages\/642\/revisions\/1083"}],"wp:attachment":[{"href":"https:\/\/www.ingerlundmark.nu\/index.php?rest_route=%2Fwp%2Fv2%2Fmedia&parent=642"}],"curies":[{"name":"wp","href":"https:\/\/api.w.org\/{rel}","templated":true}]}}