{"id":793,"date":"2015-05-09T09:33:20","date_gmt":"2015-05-09T08:33:20","guid":{"rendered":"http:\/\/www.ingerlundmark.nu\/?page_id=793"},"modified":"2020-08-21T15:22:25","modified_gmt":"2020-08-21T14:22:25","slug":"friskvard","status":"publish","type":"page","link":"https:\/\/www.ingerlundmark.nu\/?page_id=793","title":{"rendered":"Friskv\u00e5rd"},"content":{"rendered":"<p>Din hypnosbehandling kan vara avdragsgill. Skatteverket godk\u00e4nner avdrag f\u00f6r friskv\u00e5rd:<\/p>\n<p>&#8211; Hypnos i syfte att n\u00e5 avslappning och minska stress eller vid r\u00f6k\/ snus-avv\u00e4njning.<\/p>\n<p>&#8211; Hypnobirthing f\u00f6r blivande f\u00f6r\u00e4ldrar \u2013 om b\u00e5da f\u00f6r\u00e4ldrarna deltar kan respektive f\u00f6r\u00e4lder f\u00e5 halva avgiften skattefritt.<\/p>\n","protected":false},"excerpt":{"rendered":"<p>Din hypnosbehandling kan vara avdragsgill. Skatteverket godk\u00e4nner avdrag f\u00f6r friskv\u00e5rd: &#8211; Hypnos i syfte att n\u00e5 avslappning och minska stress eller vid r\u00f6k\/ snus-avv\u00e4njning. &#8211; Hypnobirthing f\u00f6r blivande f\u00f6r\u00e4ldrar \u2013 om b\u00e5da f\u00f6r\u00e4ldrarna deltar kan respektive f\u00f6r\u00e4lder f\u00e5 halva avgiften &hellip; <a href=\"https:\/\/www.ingerlundmark.nu\/?page_id=793\">L\u00e4s mer <span class=\"meta-nav\">&rarr;<\/span><\/a><\/p>\n","protected":false},"author":1,"featured_media":0,"parent":0,"menu_order":0,"comment_status":"closed","ping_status":"closed","template":"","meta":{"footnotes":""},"class_list":["post-793","page","type-page","status-publish","hentry"],"_links":{"self":[{"href":"https:\/\/www.ingerlundmark.nu\/index.php?rest_route=\/wp\/v2\/pages\/793","targetHints":{"allow":["GET"]}}],"collection":[{"href":"https:\/\/www.ingerlundmark.nu\/index.php?rest_route=\/wp\/v2\/pages"}],"about":[{"href":"https:\/\/www.ingerlundmark.nu\/index.php?rest_route=\/wp\/v2\/types\/page"}],"author":[{"embeddable":true,"href":"https:\/\/www.ingerlundmark.nu\/index.php?rest_route=\/wp\/v2\/users\/1"}],"replies":[{"embeddable":true,"href":"https:\/\/www.ingerlundmark.nu\/index.php?rest_route=%2Fwp%2Fv2%2Fcomments&post=793"}],"version-history":[{"count":2,"href":"https:\/\/www.ingerlundmark.nu\/index.php?rest_route=\/wp\/v2\/pages\/793\/revisions"}],"predecessor-version":[{"id":1004,"href":"https:\/\/www.ingerlundmark.nu\/index.php?rest_route=\/wp\/v2\/pages\/793\/revisions\/1004"}],"wp:attachment":[{"href":"https:\/\/www.ingerlundmark.nu\/index.php?rest_route=%2Fwp%2Fv2%2Fmedia&parent=793"}],"curies":[{"name":"wp","href":"https:\/\/api.w.org\/{rel}","templated":true}]}}