{"id":833,"date":"2016-01-23T19:41:04","date_gmt":"2016-01-23T18:41:04","guid":{"rendered":"http:\/\/www.ingerlundmark.nu\/?page_id=833"},"modified":"2024-10-15T20:27:44","modified_gmt":"2024-10-15T19:27:44","slug":"internationella-kontakter","status":"publish","type":"page","link":"https:\/\/www.ingerlundmark.nu\/?page_id=833","title":{"rendered":"Internationella kontakter"},"content":{"rendered":"<p>Naturligtvis finns det b\u00e5de en internationell Hypnosf\u00f6rening och en Europeisk, en Australiensk och en Amerikansk mfl.<\/p>\n<p>Stora kongresser h\u00e5lls d\u00e4r kliniker och forskare m\u00f6ts och delger varann det senaste inom hypnosomr\u00e5det.<\/p>\n<p>2024 var v\u00e4rldskongressen i Polen,\u00a0 2021\u00a0 i Peking, 2018\u00a0 i Canada och ..<\/p>\n<p>I aug 2017 var det Europeisk hypnoskongress i Manchester. Inger h\u00f6ll workshop.<\/p>\n<p>I aug 2015 gick v\u00e4rldskongressen av stapeln i Paris, Inger\u00a0 var en av talarna p\u00e5 temat: Clinical Hypnosis in couples and familytherapy in Sweden. (En explorativ studie)<\/p>\n<p>&nbsp;<\/p>\n<p>V\u00e4l m\u00f6tt!<\/p>\n","protected":false},"excerpt":{"rendered":"<p>Naturligtvis finns det b\u00e5de en internationell Hypnosf\u00f6rening och en Europeisk, en Australiensk och en Amerikansk mfl. Stora kongresser h\u00e5lls d\u00e4r kliniker och forskare m\u00f6ts och delger varann det senaste inom hypnosomr\u00e5det. 2024 var v\u00e4rldskongressen i Polen,\u00a0 2021\u00a0 i Peking, 2018\u00a0 &hellip; <a href=\"https:\/\/www.ingerlundmark.nu\/?page_id=833\">L\u00e4s mer <span class=\"meta-nav\">&rarr;<\/span><\/a><\/p>\n","protected":false},"author":1,"featured_media":0,"parent":0,"menu_order":0,"comment_status":"closed","ping_status":"closed","template":"","meta":{"footnotes":""},"class_list":["post-833","page","type-page","status-publish","hentry"],"_links":{"self":[{"href":"https:\/\/www.ingerlundmark.nu\/index.php?rest_route=\/wp\/v2\/pages\/833","targetHints":{"allow":["GET"]}}],"collection":[{"href":"https:\/\/www.ingerlundmark.nu\/index.php?rest_route=\/wp\/v2\/pages"}],"about":[{"href":"https:\/\/www.ingerlundmark.nu\/index.php?rest_route=\/wp\/v2\/types\/page"}],"author":[{"embeddable":true,"href":"https:\/\/www.ingerlundmark.nu\/index.php?rest_route=\/wp\/v2\/users\/1"}],"replies":[{"embeddable":true,"href":"https:\/\/www.ingerlundmark.nu\/index.php?rest_route=%2Fwp%2Fv2%2Fcomments&post=833"}],"version-history":[{"count":6,"href":"https:\/\/www.ingerlundmark.nu\/index.php?rest_route=\/wp\/v2\/pages\/833\/revisions"}],"predecessor-version":[{"id":1097,"href":"https:\/\/www.ingerlundmark.nu\/index.php?rest_route=\/wp\/v2\/pages\/833\/revisions\/1097"}],"wp:attachment":[{"href":"https:\/\/www.ingerlundmark.nu\/index.php?rest_route=%2Fwp%2Fv2%2Fmedia&parent=833"}],"curies":[{"name":"wp","href":"https:\/\/api.w.org\/{rel}","templated":true}]}}