{"id":905,"date":"2017-04-12T09:39:45","date_gmt":"2017-04-12T08:39:45","guid":{"rendered":"http:\/\/www.ingerlundmark.nu\/?page_id=905"},"modified":"2017-04-12T09:41:21","modified_gmt":"2017-04-12T08:41:21","slug":"skatteavdrag","status":"publish","type":"page","link":"https:\/\/www.ingerlundmark.nu\/?page_id=905","title":{"rendered":"Skatteavdrag?"},"content":{"rendered":"<h1 class=\"entry-title\">Skatteavdrag?<\/h1>\n<div class=\"entry-content\">\n<p>Nu har skatteverket f\u00f6rst\u00e5tt att detta med hypnos \u00e4r n\u00e5got som verkligen hj\u00e4lper. D\u00e4rf\u00f6r \u00e4r viss hypnosbehandling avdragsgill:<\/p>\n<p>1. Hypnos i syfte att n\u00e5 avslappning och minska stress<\/p>\n<p>2. Hypnos vid r\u00f6kavv\u00e4njning. (g\u00e4ller \u00e4ven snus)<\/p>\n<p class=\"normal\">3. Hypnobirthing f\u00f6r blivande f\u00f6r\u00e4ldrar \u2013 om b\u00e5da f\u00f6r\u00e4ldrarna deltar kan respektive f\u00f6r\u00e4lder f\u00e5 halva avgiften skattefritt.<\/p>\n<p class=\"normal\">Prata med din behandlare s\u00e5 du f\u00e5r r\u00e4tt kvitto!<\/p>\n<\/div>\n","protected":false},"excerpt":{"rendered":"<p>Skatteavdrag? Nu har skatteverket f\u00f6rst\u00e5tt att detta med hypnos \u00e4r n\u00e5got som verkligen hj\u00e4lper. D\u00e4rf\u00f6r \u00e4r viss hypnosbehandling avdragsgill: 1. Hypnos i syfte att n\u00e5 avslappning och minska stress 2. Hypnos vid r\u00f6kavv\u00e4njning. (g\u00e4ller \u00e4ven snus) 3. Hypnobirthing f\u00f6r blivande &hellip; <a href=\"https:\/\/www.ingerlundmark.nu\/?page_id=905\">L\u00e4s mer <span class=\"meta-nav\">&rarr;<\/span><\/a><\/p>\n","protected":false},"author":1,"featured_media":0,"parent":0,"menu_order":0,"comment_status":"closed","ping_status":"closed","template":"","meta":{"footnotes":""},"class_list":["post-905","page","type-page","status-publish","hentry"],"_links":{"self":[{"href":"https:\/\/www.ingerlundmark.nu\/index.php?rest_route=\/wp\/v2\/pages\/905","targetHints":{"allow":["GET"]}}],"collection":[{"href":"https:\/\/www.ingerlundmark.nu\/index.php?rest_route=\/wp\/v2\/pages"}],"about":[{"href":"https:\/\/www.ingerlundmark.nu\/index.php?rest_route=\/wp\/v2\/types\/page"}],"author":[{"embeddable":true,"href":"https:\/\/www.ingerlundmark.nu\/index.php?rest_route=\/wp\/v2\/users\/1"}],"replies":[{"embeddable":true,"href":"https:\/\/www.ingerlundmark.nu\/index.php?rest_route=%2Fwp%2Fv2%2Fcomments&post=905"}],"version-history":[{"count":1,"href":"https:\/\/www.ingerlundmark.nu\/index.php?rest_route=\/wp\/v2\/pages\/905\/revisions"}],"predecessor-version":[{"id":907,"href":"https:\/\/www.ingerlundmark.nu\/index.php?rest_route=\/wp\/v2\/pages\/905\/revisions\/907"}],"wp:attachment":[{"href":"https:\/\/www.ingerlundmark.nu\/index.php?rest_route=%2Fwp%2Fv2%2Fmedia&parent=905"}],"curies":[{"name":"wp","href":"https:\/\/api.w.org\/{rel}","templated":true}]}}