{"id":950,"date":"2018-01-10T16:33:29","date_gmt":"2018-01-10T15:33:29","guid":{"rendered":"http:\/\/www.ingerlundmark.nu\/?page_id=950"},"modified":"2024-03-25T15:30:38","modified_gmt":"2024-03-25T14:30:38","slug":"seriosa-hypnosbehandlare","status":"publish","type":"page","link":"https:\/\/www.ingerlundmark.nu\/?page_id=950","title":{"rendered":"Seri\u00f6sa hypnosbehandlare? Liten varning.."},"content":{"rendered":"<p>Var r\u00e4dd om dig! Ta reda p\u00e5 att den du g\u00e5r till har adekvat utbildning f\u00f6r att f\u00e5 ut\u00f6va hypnos! (Du skulle v\u00e4l aldrig dr\u00f6mma om att g\u00e5\u00a0 till n\u00e5gon som g\u00e5tt en helgkurs i kirurgi&#8230;)<\/p>\n<p>Kvacksalverilagen reglerade tidigare oseri\u00f6s anv\u00e4ndning av hypnos. 2011 ersattes den av <strong>Patients\u00e4kerhetslagen PSL (2010:659)<\/strong> vilken fr\u00e4mjar patients\u00e4kerheten inom h\u00e4lso- och sjukv\u00e5rd och d\u00e4rmed j\u00e4mf\u00f6rlig verksamhet. <strong>H\u00e4r klarg\u00f6rs att det \u00e4r f\u00f6rbjudet att anv\u00e4nda hypnos vid unders\u00f6kning eller behandling, om man ej tillh\u00f6r h\u00e4lso- och sjukv\u00e5rdspersonal.\u00a0<\/strong><\/p>\n<p>5 kap.1\u00a7, 3. \u201dAndra \u00e4n h\u00e4lso- och sjukv\u00e5rdspersonal f\u00e5r inte yrkesm\u00e4ssigt unders\u00f6ka n\u00e5gon annans h\u00e4lsotillst\u00e5nd eller behandla n\u00e5gon annan f\u00f6r sjukdom eller d\u00e4rmed j\u00e4mf\u00f6rligt tillst\u00e5nd genom att vidta eller f\u00f6reskriva n\u00e5gon av f\u00f6ljande \u00e5tg\u00e4rder i f\u00f6rebyggande, botande eller lindrande syfte: unders\u00f6ka eller behandla n\u00e5gon annan under allm\u00e4n bed\u00f6vning eller under lokal bed\u00f6vning genom injektion av bed\u00f6vningsmedel eller under <strong>hypnos<\/strong>\u201d.<\/p>\n","protected":false},"excerpt":{"rendered":"<p>Var r\u00e4dd om dig! Ta reda p\u00e5 att den du g\u00e5r till har adekvat utbildning f\u00f6r att f\u00e5 ut\u00f6va hypnos! (Du skulle v\u00e4l aldrig dr\u00f6mma om att g\u00e5\u00a0 till n\u00e5gon som g\u00e5tt en helgkurs i kirurgi&#8230;) Kvacksalverilagen reglerade tidigare oseri\u00f6s &hellip; <a href=\"https:\/\/www.ingerlundmark.nu\/?page_id=950\">L\u00e4s mer <span class=\"meta-nav\">&rarr;<\/span><\/a><\/p>\n","protected":false},"author":1,"featured_media":0,"parent":0,"menu_order":0,"comment_status":"closed","ping_status":"closed","template":"","meta":{"footnotes":""},"class_list":["post-950","page","type-page","status-publish","hentry"],"_links":{"self":[{"href":"https:\/\/www.ingerlundmark.nu\/index.php?rest_route=\/wp\/v2\/pages\/950","targetHints":{"allow":["GET"]}}],"collection":[{"href":"https:\/\/www.ingerlundmark.nu\/index.php?rest_route=\/wp\/v2\/pages"}],"about":[{"href":"https:\/\/www.ingerlundmark.nu\/index.php?rest_route=\/wp\/v2\/types\/page"}],"author":[{"embeddable":true,"href":"https:\/\/www.ingerlundmark.nu\/index.php?rest_route=\/wp\/v2\/users\/1"}],"replies":[{"embeddable":true,"href":"https:\/\/www.ingerlundmark.nu\/index.php?rest_route=%2Fwp%2Fv2%2Fcomments&post=950"}],"version-history":[{"count":3,"href":"https:\/\/www.ingerlundmark.nu\/index.php?rest_route=\/wp\/v2\/pages\/950\/revisions"}],"predecessor-version":[{"id":1087,"href":"https:\/\/www.ingerlundmark.nu\/index.php?rest_route=\/wp\/v2\/pages\/950\/revisions\/1087"}],"wp:attachment":[{"href":"https:\/\/www.ingerlundmark.nu\/index.php?rest_route=%2Fwp%2Fv2%2Fmedia&parent=950"}],"curies":[{"name":"wp","href":"https:\/\/api.w.org\/{rel}","templated":true}]}}