{"id":970,"date":"2019-10-09T18:46:08","date_gmt":"2019-10-09T17:46:08","guid":{"rendered":"http:\/\/www.ingerlundmark.nu\/?page_id=970"},"modified":"2020-05-23T16:42:49","modified_gmt":"2020-05-23T15:42:49","slug":"integritet","status":"publish","type":"page","link":"https:\/\/www.ingerlundmark.nu\/?page_id=970","title":{"rendered":"Integritet"},"content":{"rendered":"<header>\n<h1 class=\"entry-title singular-title\">Integritetspolicy<\/h1>\n<\/header>\n<div class=\"entry-content\">\n<h3><strong>Information om behandling av personuppgifter <\/strong><\/h3>\n<p>V\u00e5r webbplatsadress \u00e4r: https:\/\/www.ingerlundmark.nu<\/p>\n<p>GDPR, eller dataskyddsf\u00f6rordningen, \u00e4r en lag som g\u00e4ller i hela EU fr\u00e5n den 25 maj 2018. Den syftar till att vi alla ska f\u00e5 st\u00f6rre kontroll \u00f6ver hur uppgifter om oss hanteras och \u00f6ka s\u00e4kerheten f\u00f6r hur v\u00e5ra personuppgifter behandlas. Personuppgifter \u00e4r alla uppgifter som direkt eller indirekt kan kopplas till en enskild person. Dataskyddsf\u00f6rordningen kompletteras med andra regler, som g\u00e4ller till exempel de krav som st\u00e4lls p\u00e5 patientjournaler (Patientdatalagen) och de lagar som handlar om sekretess och tystnadsplikt<\/p>\n<p>Den h\u00e4r informationen syftar till att f\u00f6rklara hur INger Lundmark Erendira AB hanterar dina personuppgifter. Om du har n\u00e5gra fr\u00e5gor kring v\u00e5r personuppgiftsbehandling kan du v\u00e4nda dig till Inger Lundmark.<\/p>\n<h3><strong>Personuppgiftsansvarig<\/strong><\/h3>\n<p>Erendira AB \u00e4r ansvarig f\u00f6r de personuppgifter som behandlas i samband med v\u00e5rdkontakterna mellan dig och oss. Kontaktuppgifter till Erendira AB \u00e4r f\u00f6ljande.<\/p>\n<p>Adress;&nbsp; Kapellgr\u00e4nd 6, 11625&nbsp; STOCKHOLM<br \/>\nTel: 070-5932476<br \/>\ne-post: inger.slussenAgmail.com<br \/>\n(vi skriver ej ut symbolen @ i v\u00e5r email f\u00f6r att undvika spam)<\/p>\n<h3><strong>Dataskyddsombud<\/strong><\/h3>\n<p>Den \u00f6vergripande och viktigaste uppgiften f\u00f6r dataskyddsombudet \u00e4r att \u00f6vervaka att den personuppgiftsansvariga f\u00f6ljer dataskyddsf\u00f6rordningen. Dataskyddsombudet ska bl.a. vara kontaktperson f\u00f6r de registrerade och personalen inom organisationen samt samarbeta med Datainspektionen, till exempel vid inspektioner<\/p>\n<h3>Cookie-filer<\/h3>\n<p>Vi anv\u00e4nder ej Cookies<\/p>\n<h3><strong>Dataskyddsombud<\/strong><\/h3>\n<p>Den \u00f6vergripande och viktigaste uppgiften f\u00f6r dataskyddsombudet \u00e4r att \u00f6vervaka att den personuppgiftsansvariga f\u00f6ljer dataskyddsf\u00f6rordningen. Dataskyddsombudet ska bl.a. vara kontaktperson f\u00f6r de registrerade och personalen inom organisationen samt samarbeta med Datainspektionen, till exempel vid inspektioner.<\/p>\n<p>Erendira AB dataskyddsombud har f\u00f6ljande kontaktuppgifter: Namn: Roger Brol\u00e9n<br \/>\nAdress: KApellgr\u00e4nd 6,11625&nbsp; STOCKHOLM<br \/>\nTel: 0702944141<br \/>\ne-post: rogerAgranitfilm.se<br \/>\n(vi skriver ej ut symbolen @ i v\u00e5r emailadress f\u00f6r att undvika spam)<\/p>\n<h3><strong>\u00c4ndam\u00e5l och r\u00e4ttslig grund f\u00f6r behandling<\/strong><\/h3>\n<p>Erendira AB anv\u00e4nder de uppgifter du l\u00e4mnar till oss f\u00f6r att verksamheten ska kunna ge dig en god och s\u00e4ker v\u00e5rd. De anv\u00e4nds ocks\u00e5 i det systematiska och fortl\u00f6pande patients\u00e4kerhetsarbetet. Uppgifterna f\u00f6rs under v\u00e5rdtiden l\u00f6pande in i journalsystemet. OBS, ligger ej p\u00e5 n\u00e4tet. Uppgifterna \u00e4r ocks\u00e5 till f\u00f6r att vara en informationsk\u00e4lla f\u00f6r dig som patient.<\/p>\n<p>Den r\u00e4ttsliga grund som Erendira AB har f\u00f6r att behandla dina personuppgifter \u00e4r att h\u00e4lso- och sjukv\u00e5rd \u00e4r en uppgift av s.k. allm\u00e4nt intresse, det vill s\u00e4ga en verksamhet som \u00e4r grundl\u00e4ggande f\u00f6r att v\u00e5rt samh\u00e4lle ska fungera. Legitimerade psykoterapeuter \u00e4r ocks\u00e5 skyldiga enligt lag att dokumentera v\u00e5rden genom att f\u00f6ra journal (bland annat enligt Patientdatalagen). Min verksamhet precis som alla v\u00e5rdgivare st\u00e5r under tillsyn av Inspektionen f\u00f6r v\u00e5rd och omsorg och i h\u00e4ndelse av deras tillsyn fyller patientuppgifterna en viktig funktion.<\/p>\n<h3><strong>Lagringstid<\/strong><\/h3>\n<p>Erendira AB raderar dina personuppgifter i enlighet med reglerna i Patientdatalagen, dvs tidigast tio \u00e5r efter den senast gjorda journalanteckningen.<\/p>\n<h3><strong>Dina r\u00e4ttigheter<\/strong><\/h3>\n<p>Du har r\u00e4tt att f\u00e5 information om den personuppgiftsbehandling som sker. Du har \u00e4ven, med de begr\u00e4nsningar som f\u00f6ljer av Patientdatalagen, r\u00e4tt att f\u00e5 dina personuppgifter r\u00e4ttade, att f\u00e5 uppgifterna raderade, att kr\u00e4va att behandlingen av uppgifter i vissa fall begr\u00e4nsas, samt att i vissa fall inv\u00e4nda mot behandling.<\/p>\n<h3><strong>Mottagare av uppgifter<\/strong><\/h3>\n<ul>\n<li>Uppgifter l\u00e4mnas till utomst\u00e5ende endast om du i enskilda fall samtycker till det. I s\u00e4rskilda fall kan vi dock ha skyldighet enligt lag att l\u00e4mna ut uppgifter, exempelvis n\u00e4r barn far illa.<\/li>\n<li>Anm\u00e4lningsskyldighet om barn som far illa (SoL 14:1 3:e st.)<\/li>\n<li>Vittnesplikt i domstol (RB 36:5).<\/li>\n<\/ul>\n<p>Om vissa allvarliga brott som \u00e4r \u201d\u00e5 f\u00e4rde\u201d g\u00e4ller anm\u00e4lningsskyldighet (BrB 23:6). Det \u00e4r fr\u00e5ga om allvarliga brott som mord, dr\u00e5p, r\u00e5n och grov misshandel. Om det kr\u00e4vs att sekretessen bryts f\u00f6r att avv\u00e4rja fara f\u00f6r liv, h\u00e4lsa eller v\u00e4rdefull egendom f\u00e5r uppgifter l\u00e4mnas ut utan att det utg\u00f6r ett brott (BrB 24:4).<\/p>\n<h3><strong>Uppgiftsskyldighet enligt lag <\/strong><\/h3>\n<p>I s\u00e4rskilda fall kan Erendira AB ha skyldighet enligt lag att l\u00e4mna ut uppgifter. En s\u00e5dan uppgiftsskyldighet g\u00e4ller enligt reglerna i:<\/p>\n<ul>\n<li>Socialtj\u00e4nstlagen, om ett barn far illa<\/li>\n<li>Socialf\u00f6rs\u00e4kringsbalken, n\u00e4r det g\u00e4ller uppgifter som beh\u00f6vs f\u00f6r beslut i socialf\u00f6rs\u00e4krings\u00e4rende.<\/li>\n<\/ul>\n<h3><strong>Regler om sekretess och s\u00e4kerhet f\u00f6r uppgifterna<\/strong><\/h3>\n<p>F\u00f6r alla patientuppgifter, b\u00e5de s\u00e5dana du l\u00e4mnar och s\u00e5dana vi anv\u00e4nder exempelvis i journalen, g\u00e4ller de regler om tystnadsplikt som f\u00f6ljer av Patients\u00e4kerhetslagens best\u00e4mmelser.<\/p>\n<h3><strong>R\u00e4tten att l\u00e4mna klagom\u00e5l <\/strong><\/h3>\n<p>Du har r\u00e4tt att l\u00e4mna klagom\u00e5l till Datainspektionen r\u00f6rande Erendira ABs behandling av dina personuppgifter.<\/p>\n<h3><strong>Uppgifter som kr\u00e4vs enligt lag<\/strong><\/h3>\n<p>Enligt Patientdatalagen och Socialstyrelsens f\u00f6reskrifter st\u00e4lls krav p\u00e5 ett visst inneh\u00e5ll i patientjournalen. De krav som st\u00e4lls \u00e4r att vi ska f\u00f6ra in uppgifter om din identitet, v\u00e4sentliga uppgifter om bakgrunden till v\u00e5rden, de bed\u00f6mningar som Jag p\u00e5 Erendira AB g\u00f6r, de planeringar som g\u00f6rs, och de \u00e5tg\u00e4rder som genomf\u00f6rs. Vidare st\u00e4lls krav p\u00e5 att vi anger vilken information som vi har l\u00e4mnat till dig som patient, om val av behandlingsalternativ, utf\u00e4rdade intyg och remisser samt ing\u00e5ende och utg\u00e5ende handlingar.<\/p>\n<\/div>\n","protected":false},"excerpt":{"rendered":"<p>Integritetspolicy Information om behandling av personuppgifter V\u00e5r webbplatsadress \u00e4r: https:\/\/www.ingerlundmark.nu GDPR, eller dataskyddsf\u00f6rordningen, \u00e4r en lag som g\u00e4ller i hela EU fr\u00e5n den 25 maj 2018. Den syftar till att vi alla ska f\u00e5 st\u00f6rre kontroll \u00f6ver hur uppgifter om &hellip; <a href=\"https:\/\/www.ingerlundmark.nu\/?page_id=970\">L\u00e4s mer <span class=\"meta-nav\">&rarr;<\/span><\/a><\/p>\n","protected":false},"author":1,"featured_media":0,"parent":0,"menu_order":0,"comment_status":"closed","ping_status":"closed","template":"","meta":{"footnotes":""},"class_list":["post-970","page","type-page","status-publish","hentry"],"_links":{"self":[{"href":"https:\/\/www.ingerlundmark.nu\/index.php?rest_route=\/wp\/v2\/pages\/970","targetHints":{"allow":["GET"]}}],"collection":[{"href":"https:\/\/www.ingerlundmark.nu\/index.php?rest_route=\/wp\/v2\/pages"}],"about":[{"href":"https:\/\/www.ingerlundmark.nu\/index.php?rest_route=\/wp\/v2\/types\/page"}],"author":[{"embeddable":true,"href":"https:\/\/www.ingerlundmark.nu\/index.php?rest_route=\/wp\/v2\/users\/1"}],"replies":[{"embeddable":true,"href":"https:\/\/www.ingerlundmark.nu\/index.php?rest_route=%2Fwp%2Fv2%2Fcomments&post=970"}],"version-history":[{"count":2,"href":"https:\/\/www.ingerlundmark.nu\/index.php?rest_route=\/wp\/v2\/pages\/970\/revisions"}],"predecessor-version":[{"id":996,"href":"https:\/\/www.ingerlundmark.nu\/index.php?rest_route=\/wp\/v2\/pages\/970\/revisions\/996"}],"wp:attachment":[{"href":"https:\/\/www.ingerlundmark.nu\/index.php?rest_route=%2Fwp%2Fv2%2Fmedia&parent=970"}],"curies":[{"name":"wp","href":"https:\/\/api.w.org\/{rel}","templated":true}]}}